{"id":12012,"date":"2024-09-04T08:27:17","date_gmt":"2024-09-04T05:27:17","guid":{"rendered":"https:\/\/fameup.com\/?page_id=12012"},"modified":"2026-01-26T11:29:03","modified_gmt":"2026-01-26T09:29:03","slug":"media-press","status":"publish","type":"page","link":"https:\/\/fameup.com\/ro\/media-press\/","title":{"rendered":"Media &amp; pres\u0103"},"content":{"rendered":"<div data-elementor-type=\"wp-page\" data-elementor-id=\"12012\" class=\"elementor elementor-12012\" data-elementor-post-type=\"page\">\n\t\t\t\t<div class=\"elementor-element elementor-element-17de974 e-flex e-con-boxed e-con e-parent\" data-id=\"17de974\" data-element_type=\"container\" data-e-type=\"container\" data-settings=\"{&quot;jet_parallax_layout_list&quot;:[]}\">\n\t\t\t\t\t<div class=\"e-con-inner\">\n\t\t\t\t<div class=\"elementor-element elementor-element-d24e392 elementor-widget elementor-widget-heading\" data-id=\"d24e392\" data-element_type=\"widget\" data-e-type=\"widget\" data-widget_type=\"heading.default\">\n\t\t\t\t<div class=\"elementor-widget-container\">\n\t\t\t\t\t<h2 class=\"elementor-heading-title translation-block\"><span style=\"color:#0CACA3\">Media<\/span> \u0219i Pres\u0103<\/h2>\t\t\t\t<\/div>\n\t\t\t\t<\/div>\n\t\t\t\t\t<\/div>\n\t\t\t\t<\/div>\n\t\t<div class=\"elementor-element elementor-element-cef30f4 e-flex e-con-boxed e-con e-parent\" data-id=\"cef30f4\" data-element_type=\"container\" data-e-type=\"container\" data-settings=\"{&quot;jet_parallax_layout_list&quot;:[]}\" data-no-translation=\"\">\n\t\t\t\t\t<div class=\"e-con-inner\">\n\t\t<div class=\"elementor-element elementor-element-1bb8db1 e-con-full e-flex e-con e-child\" data-id=\"1bb8db1\" data-element_type=\"container\" data-e-type=\"container\" data-settings=\"{&quot;jet_parallax_layout_list&quot;:[]}\">\n\t\t<div class=\"elementor-element elementor-element-4963a37 e-con-full e-flex e-con e-child\" data-id=\"4963a37\" data-element_type=\"container\" data-e-type=\"container\" data-settings=\"{&quot;jet_parallax_layout_list&quot;:[]}\">\n\t\t\t\t<div class=\"elementor-element elementor-element-cbd4d07 elementor-widget__width-inherit elementor-position-top elementor-invisible elementor-widget elementor-widget-image-box\" data-id=\"cbd4d07\" data-element_type=\"widget\" data-e-type=\"widget\" data-settings=\"{&quot;_animation&quot;:&quot;zoomIn&quot;}\" data-widget_type=\"image-box.default\">\n\t\t\t\t<div class=\"elementor-widget-container\">\n\t\t\t\t\t<div class=\"elementor-image-box-wrapper\"><figure class=\"elementor-image-box-img\"><a href=\"https:\/\/www.romania-insider.com\/romanian-startup-fameup-daniel-dines-financing-round#:~:text=UiPath%20billionaire%20Daniel%20Dines%20invests%20in%20Romanian%20micro%2Dinfluencer%20platform,-13%20August%202021&#038;text=Romanian%20startup%20FameUp%20(fameup.net,and%20prepare%20for%20global%20scaling\" target=\"_blank\" tabindex=\"-1\" rel=\"noopener\"><img fetchpriority=\"high\" decoding=\"async\" width=\"304\" height=\"238\" src=\"https:\/\/fameup.com\/wp-content\/uploads\/2022\/06\/UiPath.webp\" class=\"attachment-full size-full wp-image-1439\" alt=\"\" srcset=\"https:\/\/fameup.com\/wp-content\/uploads\/2022\/06\/UiPath.webp 304w, https:\/\/fameup.com\/wp-content\/uploads\/2022\/06\/UiPath-300x235.webp 300w\" sizes=\"(max-width: 304px) 100vw, 304px\" \/><\/a><\/figure><div class=\"elementor-image-box-content\"><h3 class=\"elementor-image-box-title\"><a href=\"https:\/\/www.romania-insider.com\/romanian-startup-fameup-daniel-dines-financing-round#:~:text=UiPath%20billionaire%20Daniel%20Dines%20invests%20in%20Romanian%20micro%2Dinfluencer%20platform,-13%20August%202021&#038;text=Romanian%20startup%20FameUp%20(fameup.net,and%20prepare%20for%20global%20scaling\" target=\"_blank\" rel=\"noopener\">Miliardarul UiPath, Daniel Dines, investe\u0219te \u00eentr-o platform\u0103 rom\u00e2neasc\u0103 de micro-influenceri<\/a><\/h3><p class=\"elementor-image-box-description\">Startup-ul rom\u00e2nesc FameUp (fameup.net) a str\u00e2ns o finan\u021bare de 2,5 milioane de euro pentru a-\u0219i dezvolta platforma mobil\u0103 dedicat\u0103 micro-influencerilor \u0219i pentru a se preg\u0103ti pentru scalarea global\u0103.\n\n<br>\n<a href=\"https:\/\/www.romania-insider.com\/romanian-startup-fameup-daniel-dines-financing-round#:~:text=UiPath%20billionaire%20Daniel%20Dines%20invests%20in%20Romanian%20micro%2Dinfluencer%20platform,-13%20August%202021&amp;text=Romanian%20startup%20FameUp%20(fameup.net,and%20prepare%20for%20global%20scaling\" target=\"_blank\" style=\"color:#EF4C42;text-decoration:underline;font-style:italic\" rel=\"noopener\">Cite\u015fte mai mult..<\/a><\/p><\/div><\/div>\t\t\t\t<\/div>\n\t\t\t\t<\/div>\n\t\t\t\t<\/div>\n\t\t<div class=\"elementor-element elementor-element-2e13685 e-con-full e-flex e-con e-child\" data-id=\"2e13685\" data-element_type=\"container\" data-e-type=\"container\" data-settings=\"{&quot;jet_parallax_layout_list&quot;:[]}\">\n\t\t\t\t<div class=\"elementor-element elementor-element-8080aed elementor-widget__width-inherit elementor-position-top elementor-invisible elementor-widget elementor-widget-image-box\" data-id=\"8080aed\" data-element_type=\"widget\" data-e-type=\"widget\" data-settings=\"{&quot;_animation&quot;:&quot;zoomIn&quot;}\" data-widget_type=\"image-box.default\">\n\t\t\t\t<div class=\"elementor-widget-container\">\n\t\t\t\t\t<div class=\"elementor-image-box-wrapper\"><figure class=\"elementor-image-box-img\"><a href=\"https:\/\/www.iqads.ro\/articol\/74386\/de-ce-micro-influencerii-bat-influencerii-cu-milioane-de-followers\" tabindex=\"-1\" target=\"_blank\" rel=\"noopener\"><img decoding=\"async\" width=\"850\" height=\"478\" src=\"https:\/\/fameup.com\/wp-content\/uploads\/2026\/01\/micro-or-macro-influencer-jpg-cover-850.jpg\" class=\"attachment-full size-full wp-image-18494\" alt=\"\" srcset=\"https:\/\/fameup.com\/wp-content\/uploads\/2026\/01\/micro-or-macro-influencer-jpg-cover-850.jpg 850w, https:\/\/fameup.com\/wp-content\/uploads\/2026\/01\/micro-or-macro-influencer-jpg-cover-850-300x169.jpg 300w, https:\/\/fameup.com\/wp-content\/uploads\/2026\/01\/micro-or-macro-influencer-jpg-cover-850-768x432.jpg 768w, https:\/\/fameup.com\/wp-content\/uploads\/2026\/01\/micro-or-macro-influencer-jpg-cover-850-18x10.jpg 18w\" sizes=\"(max-width: 850px) 100vw, 850px\" \/><\/a><\/figure><div class=\"elementor-image-box-content\"><h3 class=\"elementor-image-box-title\"><a href=\"https:\/\/www.iqads.ro\/articol\/74386\/de-ce-micro-influencerii-bat-influencerii-cu-milioane-de-followers\" target=\"_blank\" rel=\"noopener\">De ce micro-influencerii bat influencerii cu milioane de followers<\/a><\/h3><p class=\"elementor-image-box-description\">\u00cen ultimii ani, influencer marketingul a devenit un canal aproape \u201edefault\u201d \u00een mixul de marketing. Problema? Pentru mul\u021bi marketeri, a devenit \u0219i unul scump, greu de controlat \u0219i din ce \u00een ce mai pu\u021bin eficient.\n\nReach mare, engagement mic. Costuri ridicate, rezultate greu de m\u0103surat. Campanii care arat\u0103 bine \u00een prezent\u0103ri, dar nu mi\u0219c\u0103 real business-ul.\n<br>\n<a href=\"https:\/\/www.iqads.ro\/articol\/73916\/fameup-aduce-predictibilitate-in-influencer-marketing-targetare-autentica-si\" target=\"_blank\" style=\"color:#EF4C42;text-decoration:underline;font-style:italic\" rel=\"noopener\">Cite\u015fte mai mult...<\/a><\/p><\/div><\/div>\t\t\t\t<\/div>\n\t\t\t\t<\/div>\n\t\t\t\t<\/div>\n\t\t<div class=\"elementor-element elementor-element-3cae1fb e-con-full e-flex e-con e-child\" data-id=\"3cae1fb\" data-element_type=\"container\" data-e-type=\"container\" data-settings=\"{&quot;jet_parallax_layout_list&quot;:[]}\">\n\t\t\t\t<div class=\"elementor-element elementor-element-fc567c3 elementor-widget__width-inherit elementor-position-top elementor-invisible elementor-widget elementor-widget-image-box\" data-id=\"fc567c3\" data-element_type=\"widget\" data-e-type=\"widget\" data-settings=\"{&quot;_animation&quot;:&quot;zoomIn&quot;}\" data-widget_type=\"image-box.default\">\n\t\t\t\t<div class=\"elementor-widget-container\">\n\t\t\t\t\t<div class=\"elementor-image-box-wrapper\"><figure class=\"elementor-image-box-img\"><a href=\"https:\/\/www.iqads.ro\/articol\/73916\/fameup-aduce-predictibilitate-in-influencer-marketing-targetare-autentica-si\" tabindex=\"-1\" target=\"_blank\" rel=\"noopener\"><img decoding=\"async\" width=\"1500\" height=\"1165\" src=\"https:\/\/fameup.com\/wp-content\/uploads\/2025\/11\/influencer-marketing-jpeg-cover-850-2.jpg\" class=\"attachment-full size-full wp-image-17811\" alt=\"\" srcset=\"https:\/\/fameup.com\/wp-content\/uploads\/2025\/11\/influencer-marketing-jpeg-cover-850-2.jpg 1500w, https:\/\/fameup.com\/wp-content\/uploads\/2025\/11\/influencer-marketing-jpeg-cover-850-2-300x233.jpg 300w, https:\/\/fameup.com\/wp-content\/uploads\/2025\/11\/influencer-marketing-jpeg-cover-850-2-1024x795.jpg 1024w, https:\/\/fameup.com\/wp-content\/uploads\/2025\/11\/influencer-marketing-jpeg-cover-850-2-768x596.jpg 768w, https:\/\/fameup.com\/wp-content\/uploads\/2025\/11\/influencer-marketing-jpeg-cover-850-2-15x12.jpg 15w\" sizes=\"(max-width: 1500px) 100vw, 1500px\" \/><\/a><\/figure><div class=\"elementor-image-box-content\"><h3 class=\"elementor-image-box-title\"><a href=\"https:\/\/www.iqads.ro\/articol\/73916\/fameup-aduce-predictibilitate-in-influencer-marketing-targetare-autentica-si\" target=\"_blank\" rel=\"noopener\">FameUp aduce predictibilitate \u00een influencer marketing: targetare autentic\u0103 \u0219i estim\u0103ri reale \u00eenainte de lansarea campaniei<\/a><\/h3><p class=\"elementor-image-box-description\">\u00centr-o industrie \u00een care \u00eencrederea \u0219i relevan\u021ba fac diferen\u021ba, FameUp redefine\u0219te modul \u00een care brandurile folosesc micro-influencerii. Platforma pune \u00een centru ceea ce conteaz\u0103 cu adev\u0103rat: comunit\u0103\u021bi autentice, rezultate m\u0103surabile \u0219i un flux de lucru complet automatizat, sus\u021binut de account manageri dedica\u021bi.\n<br>\n<a href=\"https:\/\/www.iqads.ro\/articol\/73916\/fameup-aduce-predictibilitate-in-influencer-marketing-targetare-autentica-si\" target=\"_blank\" style=\"color:#EF4C42;text-decoration:underline;font-style:italic\" rel=\"noopener\">Cite\u015fte mai mult..<\/a><\/p><\/div><\/div>\t\t\t\t<\/div>\n\t\t\t\t<\/div>\n\t\t\t\t<\/div>\n\t\t\t\t<\/div>\n\t\t<div class=\"elementor-element elementor-element-b592bb1 e-con-full e-flex e-con e-child\" data-id=\"b592bb1\" data-element_type=\"container\" data-e-type=\"container\" data-settings=\"{&quot;jet_parallax_layout_list&quot;:[]}\">\n\t\t<div class=\"elementor-element elementor-element-a3eddd6 e-con-full e-flex e-con e-child\" data-id=\"a3eddd6\" data-element_type=\"container\" data-e-type=\"container\" data-settings=\"{&quot;jet_parallax_layout_list&quot;:[]}\">\n\t\t\t\t<div class=\"elementor-element elementor-element-dd371a1 elementor-widget__width-inherit elementor-position-top elementor-invisible elementor-widget elementor-widget-image-box\" data-id=\"dd371a1\" data-element_type=\"widget\" data-e-type=\"widget\" data-settings=\"{&quot;_animation&quot;:&quot;zoomIn&quot;}\" data-widget_type=\"image-box.default\">\n\t\t\t\t<div class=\"elementor-widget-container\">\n\t\t\t\t\t<div class=\"elementor-image-box-wrapper\"><figure class=\"elementor-image-box-img\"><a href=\"https:\/\/www.zf.ro\/zf-24\/start-up-ul-local-fameup-aplicatie-influencer-marketing-anul-acesta-22383973\" tabindex=\"-1\" target=\"_blank\" rel=\"noopener\"><img loading=\"lazy\" decoding=\"async\" width=\"1500\" height=\"1165\" src=\"https:\/\/fameup.com\/wp-content\/uploads\/2024\/09\/fameup-ZF-ro.png\" class=\"attachment-full size-full wp-image-12903\" alt=\"\" srcset=\"https:\/\/fameup.com\/wp-content\/uploads\/2024\/09\/fameup-ZF-ro.png 1500w, https:\/\/fameup.com\/wp-content\/uploads\/2024\/09\/fameup-ZF-ro-300x233.png 300w, https:\/\/fameup.com\/wp-content\/uploads\/2024\/09\/fameup-ZF-ro-1024x795.png 1024w, https:\/\/fameup.com\/wp-content\/uploads\/2024\/09\/fameup-ZF-ro-768x596.png 768w, https:\/\/fameup.com\/wp-content\/uploads\/2024\/09\/fameup-ZF-ro-15x12.png 15w\" sizes=\"(max-width: 1500px) 100vw, 1500px\" \/><\/a><\/figure><div class=\"elementor-image-box-content\"><h3 class=\"elementor-image-box-title\"><a href=\"https:\/\/www.zf.ro\/zf-24\/start-up-ul-local-fameup-aplicatie-influencer-marketing-anul-acesta-22383973\" target=\"_blank\" rel=\"noopener\">Anul acesta, ne propunem s\u0103 atingem venituri de 4-5 milioane de euro, iar din 2025, planific\u0103m s\u0103 atragem o rund\u0103 de finan\u021bare de Seria A \u00een valoare de 15-20 de milioane de euro.<\/a><\/h3><p class=\"elementor-image-box-description\">Start-up-ul local FameUP, care a dezvoltat o aplica\u0163ie de influencer marketing prin intermediul c\u0103reia conecteaz\u0103 brandurile cu micro influencerii, vizeaz\u0103 atragerea unei runde de finan\u0163are de serie A \u00een valoare total\u0103 de 15-20 milioane de euro \u00een 2025, \u00een principal pentru cre\u015fterea pe pia\u0163a din SUA, unde a intrat din noiembrie anul trecut. \n<br>\n<a href=\"https:\/\/www.zf.ro\/zf-24\/start-up-ul-local-fameup-aplicatie-influencer-marketing-anul-acesta-22383973\" target=\"_blank\" style=\"color:#EF4C42;text-decoration:underline;font-style:italic\" rel=\"noopener\">Cite\u015fte mai mult...<\/a><\/p><\/div><\/div>\t\t\t\t<\/div>\n\t\t\t\t<\/div>\n\t\t\t\t<\/div>\n\t\t<div class=\"elementor-element elementor-element-6c55650 e-con-full e-flex e-con e-child\" data-id=\"6c55650\" data-element_type=\"container\" data-e-type=\"container\" data-settings=\"{&quot;jet_parallax_layout_list&quot;:[]}\">\n\t\t\t\t<div class=\"elementor-element elementor-element-4487dd5 elementor-widget__width-inherit elementor-position-top elementor-invisible elementor-widget elementor-widget-image-box\" data-id=\"4487dd5\" data-element_type=\"widget\" data-e-type=\"widget\" data-settings=\"{&quot;_animation&quot;:&quot;zoomIn&quot;}\" data-widget_type=\"image-box.default\">\n\t\t\t\t<div class=\"elementor-widget-container\">\n\t\t\t\t\t<div class=\"elementor-image-box-wrapper\"><figure class=\"elementor-image-box-img\"><a href=\"https:\/\/start-up.ro\/video-o-cafea-pentru-un-story-fameup-investitie-de-la-early-game-ventures\/%20\" target=\"_blank\" tabindex=\"-1\" rel=\"noopener\"><img loading=\"lazy\" decoding=\"async\" width=\"304\" height=\"236\" src=\"https:\/\/fameup.com\/wp-content\/uploads\/2022\/06\/press2.webp\" class=\"attachment-full size-full wp-image-1449\" alt=\"\" srcset=\"https:\/\/fameup.com\/wp-content\/uploads\/2022\/06\/press2.webp 304w, https:\/\/fameup.com\/wp-content\/uploads\/2022\/06\/press2-300x233.webp 300w\" sizes=\"(max-width: 304px) 100vw, 304px\" \/><\/a><\/figure><div class=\"elementor-image-box-content\"><h3 class=\"elementor-image-box-title\"><a href=\"https:\/\/start-up.ro\/video-o-cafea-pentru-un-story-fameup-investitie-de-la-early-game-ventures\/%20\" target=\"_blank\" rel=\"noopener\">VIDEO O cafea pentru un story: FameUp, investi\u021bie de la Early Game Ventures<\/a><\/h3><p class=\"elementor-image-box-description\">Early Game Ventures, dar \u0219i mai mul\u021bi investitori de tip angel, printre care fondatorul UiPath, Daniel Dines, investesc 2,5 milioane de euro \u00een FameUp...<br>\n\n<a href=\"https:\/\/start-up.ro\/video-o-cafea-pentru-un-story-fameup-investitie-de-la-early-game-ventures\/\" target=\"_blank\" style=\"color:#EF4C42;text-decoration:underline;font-style:italic\" rel=\"noopener\">Cite\u015fte mai mult..<\/a><\/p><\/div><\/div>\t\t\t\t<\/div>\n\t\t\t\t<\/div>\n\t\t\t\t<\/div>\n\t\t<div class=\"elementor-element elementor-element-813ea14 e-con-full e-flex e-con e-child\" data-id=\"813ea14\" data-element_type=\"container\" data-e-type=\"container\" data-settings=\"{&quot;jet_parallax_layout_list&quot;:[]}\">\n\t\t\t\t<div class=\"elementor-element elementor-element-f8d12bb elementor-widget__width-inherit elementor-position-top elementor-invisible elementor-widget elementor-widget-image-box\" data-id=\"f8d12bb\" data-element_type=\"widget\" data-e-type=\"widget\" data-settings=\"{&quot;_animation&quot;:&quot;zoomIn&quot;}\" data-widget_type=\"image-box.default\">\n\t\t\t\t<div class=\"elementor-widget-container\">\n\t\t\t\t\t<div class=\"elementor-image-box-wrapper\"><figure class=\"elementor-image-box-img\"><a href=\"https:\/\/www.startupcafe.ro\/finantari\/marketplace-fameup-daniel-dines-influencer-local-investitie.htm\" target=\"_blank\" tabindex=\"-1\" rel=\"noopener\"><img loading=\"lazy\" decoding=\"async\" width=\"304\" height=\"236\" src=\"https:\/\/fameup.com\/wp-content\/uploads\/2022\/06\/press3.webp\" class=\"attachment-full size-full wp-image-1450\" alt=\"\" srcset=\"https:\/\/fameup.com\/wp-content\/uploads\/2022\/06\/press3.webp 304w, https:\/\/fameup.com\/wp-content\/uploads\/2022\/06\/press3-300x233.webp 300w\" sizes=\"(max-width: 304px) 100vw, 304px\" \/><\/a><\/figure><div class=\"elementor-image-box-content\"><h3 class=\"elementor-image-box-title\"><a href=\"https:\/\/www.startupcafe.ro\/finantari\/marketplace-fameup-daniel-dines-influencer-local-investitie.htm\" target=\"_blank\" rel=\"noopener\">Investi\u021bie seed de 2,5 milioane euro \u00eentr-un marketplace rom\u00e2nesc de influenceri locali.<\/a><\/h3><p class=\"elementor-image-box-description\">\u00centr-un interviu pentru StartupCafe.ro, antreprenorul Ionu\u021b P\u0103tr\u0103\u0219coiu spune c\u0103 banii vor fi folosi\u021bi pentru m\u0103rirea echipei \u0219i preg\u0103tirea marketplace-ului \u00een vederea lans\u0103rii pe pia\u021ba din Statele Unite, la \u00eenceputul lui 2022. \n\n<br>\n<a href=\"https:\/\/www.startupcafe.ro\/finantari\/marketplace-fameup-daniel-dines-influencer-local-investitie.htm\" target=\"_blank\" style=\"color:#EF4C42;text-decoration:underline;font-style:italic\" rel=\"noopener\">Cite\u015fte mai mult..<\/a><\/p><\/div><\/div>\t\t\t\t<\/div>\n\t\t\t\t<\/div>\n\t\t\t\t<\/div>\n\t\t\t\t<\/div>\n\t\t<div class=\"elementor-element elementor-element-60f581d e-con-full e-flex e-con e-child\" data-id=\"60f581d\" data-element_type=\"container\" data-e-type=\"container\" data-settings=\"{&quot;jet_parallax_layout_list&quot;:[]}\">\n\t\t<div class=\"elementor-element elementor-element-b68e22f e-con-full e-flex e-con e-child\" data-id=\"b68e22f\" data-element_type=\"container\" data-e-type=\"container\" data-settings=\"{&quot;jet_parallax_layout_list&quot;:[]}\">\n\t\t\t\t<div class=\"elementor-element elementor-element-4c808a6 elementor-widget__width-inherit elementor-position-top elementor-invisible elementor-widget elementor-widget-image-box\" data-id=\"4c808a6\" data-element_type=\"widget\" data-e-type=\"widget\" data-settings=\"{&quot;_animation&quot;:&quot;zoomIn&quot;}\" data-widget_type=\"image-box.default\">\n\t\t\t\t<div class=\"elementor-widget-container\">\n\t\t\t\t\t<div class=\"elementor-image-box-wrapper\"><figure class=\"elementor-image-box-img\"><a href=\"https:\/\/therecursive.com\/the-romanian-influencer-marketplace-is-on-a-roll-fameup-raises-e2-5m\/#:~:text=%E2%82%AC2.5M-,The%20Romanian%20influencer%20marketplace%20is%20on%20a,FameUp%20raises%20%E2%82%AC2.5M&#038;text=FameUp%2C%20the%20start%2Dup%20with,round%20of%20%E2%82%AC2.5M\" tabindex=\"-1\" target=\"_blank\" rel=\"noopener\"><img loading=\"lazy\" decoding=\"async\" width=\"304\" height=\"238\" src=\"https:\/\/fameup.com\/wp-content\/uploads\/2022\/06\/press4.webp\" class=\"attachment-full size-full wp-image-1451\" alt=\"\" srcset=\"https:\/\/fameup.com\/wp-content\/uploads\/2022\/06\/press4.webp 304w, https:\/\/fameup.com\/wp-content\/uploads\/2022\/06\/press4-300x235.webp 300w\" sizes=\"(max-width: 304px) 100vw, 304px\" \/><\/a><\/figure><div class=\"elementor-image-box-content\"><h3 class=\"elementor-image-box-title\"><a href=\"https:\/\/therecursive.com\/the-romanian-influencer-marketplace-is-on-a-roll-fameup-raises-e2-5m\/#:~:text=%E2%82%AC2.5M-,The%20Romanian%20influencer%20marketplace%20is%20on%20a,FameUp%20raises%20%E2%82%AC2.5M&#038;text=FameUp%2C%20the%20start%2Dup%20with,round%20of%20%E2%82%AC2.5M\" target=\"_blank\" rel=\"noopener\">Pia\u021ba influencerilor din Rom\u00e2nia este \u00een plin\u0103 expansiune: FameUp str\u00e2nge 2,5 milioane de euro<\/a><\/h3><p class=\"elementor-image-box-description\">\u00centr-un interviu pentru StartupCafe.ro, antreprenorul Ionu\u021b P\u0103tr\u0103\u0219coiu spune c\u0103 banii vor fi folosi\u021bi pentru m\u0103rirea echipei \u0219i preg\u0103tirea marketplace-ului \u00een vederea lans\u0103rii pe pia\u021ba din Statele Unite, la \u00eenceputul lui 2022. \n\n<br>\n<a href=\"https:\/\/therecursive.com\/the-romanian-influencer-marketplace-is-on-a-roll-fameup-raises-e2-5m\/#:~:text=%E2%82%AC2.5M-,The%20Romanian%20influencer%20marketplace%20is%20on%20a,FameUp%20raises%20%E2%82%AC2.5M&amp;text=FameUp%2C%20the%20start%2Dup%20with,round%20of%20%E2%82%AC2.5M\" target=\"_blank\" style=\"color:#EF4C42;text-decoration:underline;font-style:italic\" rel=\"noopener\">Cite\u015fte mai mult..<\/a><\/p><\/div><\/div>\t\t\t\t<\/div>\n\t\t\t\t<\/div>\n\t\t\t\t<\/div>\n\t\t<div class=\"elementor-element elementor-element-34228b7 e-con-full e-flex e-con e-child\" data-id=\"34228b7\" data-element_type=\"container\" data-e-type=\"container\" data-settings=\"{&quot;jet_parallax_layout_list&quot;:[]}\">\n\t\t\t\t<div class=\"elementor-element elementor-element-e9ee91f elementor-widget__width-inherit elementor-position-top elementor-invisible elementor-widget elementor-widget-image-box\" data-id=\"e9ee91f\" data-element_type=\"widget\" data-e-type=\"widget\" data-settings=\"{&quot;_animation&quot;:&quot;zoomIn&quot;}\" data-widget_type=\"image-box.default\">\n\t\t\t\t<div class=\"elementor-widget-container\">\n\t\t\t\t\t<div class=\"elementor-image-box-wrapper\"><figure class=\"elementor-image-box-img\"><a href=\"https:\/\/stirileprotv.ro\/stiri\/ilikeit\/ilikeit-fameup-aplicatia-care-ii-plateste-pe-cei-care-au-minim-500-urmaritori-pe-instagram.html%20\" tabindex=\"-1\" target=\"_blank\" rel=\"noopener\"><img loading=\"lazy\" decoding=\"async\" width=\"304\" height=\"236\" src=\"https:\/\/fameup.com\/wp-content\/uploads\/2022\/06\/press5.webp\" class=\"attachment-full size-full wp-image-1452\" alt=\"\" srcset=\"https:\/\/fameup.com\/wp-content\/uploads\/2022\/06\/press5.webp 304w, https:\/\/fameup.com\/wp-content\/uploads\/2022\/06\/press5-300x233.webp 300w\" sizes=\"(max-width: 304px) 100vw, 304px\" \/><\/a><\/figure><div class=\"elementor-image-box-content\"><h3 class=\"elementor-image-box-title\"><a href=\"https:\/\/stirileprotv.ro\/stiri\/ilikeit\/ilikeit-fameup-aplicatia-care-ii-plateste-pe-cei-care-au-minim-500-urmaritori-pe-instagram.html%20\" target=\"_blank\" rel=\"noopener\">iLikeIT. FameUP, aplica\u021bia care \u00eei pl\u0103te\u0219te pe cei care au minim 500 urm\u0103ritori pe Instagram<\/a><\/h3><p class=\"elementor-image-box-description\">Tot mai multe afaceri rom\u00e2ne\u0219ti reu\u0219esc s\u0103 atrag\u0103 finan\u021b\u0103ri de milioane de euro. Un exemplu este o platform\u0103 care promite bani pentru cei care au mul\u021bi urm\u0103ritori pe re\u021bele de socializare. \n\n<br>\n<a href=\"https:\/\/stirileprotv.ro\/stiri\/ilikeit\/ilikeit-fameup-aplicatia-care-ii-plateste-pe-cei-care-au-minim-500-urmaritori-pe-instagram.html\" target=\"_blank\" style=\"color:#EF4C42;text-decoration:underline;font-style:italic\" rel=\"noopener\">Cite\u015fte mai mult..<\/a><\/p><\/div><\/div>\t\t\t\t<\/div>\n\t\t\t\t<\/div>\n\t\t\t\t<\/div>\n\t\t<div class=\"elementor-element elementor-element-56fe55e e-con-full e-flex e-con e-child\" data-id=\"56fe55e\" data-element_type=\"container\" data-e-type=\"container\" data-settings=\"{&quot;jet_parallax_layout_list&quot;:[]}\">\n\t\t\t\t<\/div>\n\t\t\t\t<\/div>\n\t\t\t\t\t<\/div>\n\t\t\t\t<\/div>\n\t\t\t\t<\/div>","protected":false},"excerpt":{"rendered":"<p>Media &#038; Press Miliardarul UiPath, Daniel Dines, investe\u0219te \u00eentr-o platform\u0103 rom\u00e2neasc\u0103 de micro-influenceri Startup-ul rom\u00e2nesc FameUp (fameup.net) a str\u00e2ns o finan\u021bare de 2,5 milioane de euro pentru a-\u0219i dezvolta platforma mobil\u0103 dedicat\u0103 micro-influencerilor \u0219i pentru a se preg\u0103ti pentru scalarea global\u0103. Cite\u015fte mai mult.. De ce micro-influencerii bat influencerii cu milioane de followers \u00cen ultimii [&hellip;]<\/p>","protected":false},"author":1,"featured_media":0,"parent":0,"menu_order":0,"comment_status":"closed","ping_status":"closed","template":"","meta":{"footnotes":""},"class_list":["post-12012","page","type-page","status-publish","hentry"],"_links":{"self":[{"href":"https:\/\/fameup.com\/ro\/wp-json\/wp\/v2\/pages\/12012","targetHints":{"allow":["GET"]}}],"collection":[{"href":"https:\/\/fameup.com\/ro\/wp-json\/wp\/v2\/pages"}],"about":[{"href":"https:\/\/fameup.com\/ro\/wp-json\/wp\/v2\/types\/page"}],"author":[{"embeddable":true,"href":"https:\/\/fameup.com\/ro\/wp-json\/wp\/v2\/users\/1"}],"replies":[{"embeddable":true,"href":"https:\/\/fameup.com\/ro\/wp-json\/wp\/v2\/comments?post=12012"}],"version-history":[{"count":42,"href":"https:\/\/fameup.com\/ro\/wp-json\/wp\/v2\/pages\/12012\/revisions"}],"predecessor-version":[{"id":18563,"href":"https:\/\/fameup.com\/ro\/wp-json\/wp\/v2\/pages\/12012\/revisions\/18563"}],"wp:attachment":[{"href":"https:\/\/fameup.com\/ro\/wp-json\/wp\/v2\/media?parent=12012"}],"curies":[{"name":"wp","href":"https:\/\/api.w.org\/{rel}","templated":true}]}}