{"id":10585,"date":"2024-06-14T08:07:13","date_gmt":"2024-06-14T05:07:13","guid":{"rendered":"https:\/\/fameup.com\/?page_id=10585"},"modified":"2024-10-08T08:54:40","modified_gmt":"2024-10-08T05:54:40","slug":"live-academy","status":"publish","type":"page","link":"https:\/\/fameup.com\/ro\/live-academy\/","title":{"rendered":"TikTok Live &#8211; Academy"},"content":{"rendered":"<div data-elementor-type=\"wp-page\" data-elementor-id=\"10585\" class=\"elementor elementor-10585\" data-elementor-post-type=\"page\">\n\t\t\t\t<div class=\"elementor-element elementor-element-46cf2e5 e-con-full e-flex e-con e-parent\" data-id=\"46cf2e5\" data-element_type=\"container\" data-e-type=\"container\" data-settings=\"{&quot;jet_parallax_layout_list&quot;:[]}\">\n\t\t<div class=\"elementor-element elementor-element-a30ccb9 e-con-full e-flex e-con e-child\" data-id=\"a30ccb9\" data-element_type=\"container\" data-e-type=\"container\" data-settings=\"{&quot;jet_parallax_layout_list&quot;:[]}\">\n\t\t\t\t<div class=\"elementor-element elementor-element-42e9bdd elementor-widget elementor-widget-heading\" data-id=\"42e9bdd\" data-element_type=\"widget\" data-e-type=\"widget\" data-widget_type=\"heading.default\">\n\t\t\t\t<div class=\"elementor-widget-container\">\n\t\t\t\t\t<h2 class=\"elementor-heading-title translation-block\"><span style=\"color:#0CACA3\">FameUp x Play Vertical<\/span> <br> Academy<\/h2>\t\t\t\t<\/div>\n\t\t\t\t<\/div>\n\t\t\t\t<div class=\"elementor-element elementor-element-3289311 elementor-widget__width-initial elementor-widget elementor-widget-heading\" data-id=\"3289311\" data-element_type=\"widget\" data-e-type=\"widget\" data-widget_type=\"heading.default\">\n\t\t\t\t<div class=\"elementor-widget-container\">\n\t\t\t\t\t<h2 class=\"elementor-heading-title translation-block\">Am creat FameUp x Play Vertical Academy pentru a te \u00eenv\u0103\u021ba cum s\u0103 faci bani prin livestreaming pe TikTok. <br>E\u0219ti preg\u0103tit s\u0103 \u00ee\u021bi transformi timpul petrecut online \u00een profit?<\/h2>\t\t\t\t<\/div>\n\t\t\t\t<\/div>\n\t\t\t\t<div class=\"elementor-element elementor-element-6641dac elementor-widget__width-initial elementor-widget elementor-widget-heading\" data-id=\"6641dac\" data-element_type=\"widget\" data-e-type=\"widget\" data-widget_type=\"heading.default\">\n\t\t\t\t<div class=\"elementor-widget-container\">\n\t\t\t\t\t<h2 class=\"elementor-heading-title elementor-size-default\">\u00censcrie-te \u0219i al\u0103tur\u0103-te agen\u021biei noastre!<\/h2>\t\t\t\t<\/div>\n\t\t\t\t<\/div>\n\t\t\t\t<div class=\"elementor-element elementor-element-c1b9513 elementor-mobile-align-justify elementor-tablet-align-right elementor-widget-mobile__width-inherit elementor-align-left elementor-widget elementor-widget-button\" data-id=\"c1b9513\" data-element_type=\"widget\" data-e-type=\"widget\" data-widget_type=\"button.default\">\n\t\t\t\t<div class=\"elementor-widget-container\">\n\t\t\t\t\t\t\t\t\t<div class=\"elementor-button-wrapper\">\n\t\t\t\t\t<a class=\"elementor-button elementor-button-link elementor-size-md elementor-animation-grow\" href=\"https:\/\/fameup.com\/ro\/inscrie-te\/\">\n\t\t\t\t\t\t<span class=\"elementor-button-content-wrapper\">\n\t\t\t\t\t\t\t\t\t<span class=\"elementor-button-text\">\u00censcrie-te<\/span>\n\t\t\t\t\t<\/span>\n\t\t\t\t\t<\/a>\n\t\t\t\t<\/div>\n\t\t\t\t\t\t\t\t<\/div>\n\t\t\t\t<\/div>\n\t\t\t\t<\/div>\n\t\t<div class=\"elementor-element elementor-element-a7c6848 e-con-full e-flex e-con e-child\" data-id=\"a7c6848\" data-element_type=\"container\" data-e-type=\"container\" data-settings=\"{&quot;jet_parallax_layout_list&quot;:[]}\">\n\t\t\t\t<div class=\"elementor-element elementor-element-b55ae18 elementor-widget elementor-widget-video\" data-id=\"b55ae18\" data-element_type=\"widget\" data-e-type=\"widget\" data-settings=\"{&quot;video_type&quot;:&quot;hosted&quot;,&quot;controls&quot;:&quot;yes&quot;}\" data-widget_type=\"video.default\">\n\t\t\t\t<div class=\"elementor-widget-container\">\n\t\t\t\t\t\t\t<div class=\"e-hosted-video elementor-wrapper elementor-open-inline\">\n\t\t\t\t\t<video class=\"elementor-video\" src=\"https:\/\/videos.devhappymedia.ro\/TikToklive\/TikTokVideoInterviw.mp4\" controls=\"\" preload=\"metadata\" controlslist=\"nodownload\" poster=\"https:\/\/fameup.com\/wp-content\/uploads\/2024\/06\/2vlc_5pB4jDxj83.jpg\"><\/video>\n\t\t\t\t<\/div>\n\t\t\t\t\t\t<\/div>\n\t\t\t\t<\/div>\n\t\t\t\t<\/div>\n\t\t\t\t<\/div>\n\t\t\t\t<\/div>","protected":false},"excerpt":{"rendered":"<p>FameUp x Play Vertical Academy We created FameUp x Play Vertical Academy to teach you how to make money through livestreaming on TikTok. Are you ready to turn your online time into profit? Click &#8220;Sign Up&#8221; and join our agency! Sign Up https:\/\/videos.devhappymedia.ro\/TikToklive\/TikTokVideoInterviw.mp4<\/p>","protected":false},"author":1,"featured_media":0,"parent":0,"menu_order":0,"comment_status":"closed","ping_status":"closed","template":"elementor_header_footer","meta":{"footnotes":""},"class_list":["post-10585","page","type-page","status-publish","hentry"],"_links":{"self":[{"href":"https:\/\/fameup.com\/ro\/wp-json\/wp\/v2\/pages\/10585","targetHints":{"allow":["GET"]}}],"collection":[{"href":"https:\/\/fameup.com\/ro\/wp-json\/wp\/v2\/pages"}],"about":[{"href":"https:\/\/fameup.com\/ro\/wp-json\/wp\/v2\/types\/page"}],"author":[{"embeddable":true,"href":"https:\/\/fameup.com\/ro\/wp-json\/wp\/v2\/users\/1"}],"replies":[{"embeddable":true,"href":"https:\/\/fameup.com\/ro\/wp-json\/wp\/v2\/comments?post=10585"}],"version-history":[{"count":102,"href":"https:\/\/fameup.com\/ro\/wp-json\/wp\/v2\/pages\/10585\/revisions"}],"predecessor-version":[{"id":14356,"href":"https:\/\/fameup.com\/ro\/wp-json\/wp\/v2\/pages\/10585\/revisions\/14356"}],"wp:attachment":[{"href":"https:\/\/fameup.com\/ro\/wp-json\/wp\/v2\/media?parent=10585"}],"curies":[{"name":"wp","href":"https:\/\/api.w.org\/{rel}","templated":true}]}}