{"id":14609,"date":"2025-01-06T21:18:05","date_gmt":"2025-01-06T19:18:05","guid":{"rendered":"https:\/\/fameup.com\/?page_id=14609"},"modified":"2025-01-06T21:48:52","modified_gmt":"2025-01-06T19:48:52","slug":"contract","status":"publish","type":"page","link":"https:\/\/fameup.com\/pt_br\/contract\/","title":{"rendered":"Contract"},"content":{"rendered":"<div data-elementor-type=\"wp-page\" data-elementor-id=\"14609\" class=\"elementor elementor-14609\" data-elementor-post-type=\"page\">\n\t\t\t\t<div class=\"elementor-element elementor-element-480c40c e-flex e-con-boxed e-con e-parent\" data-id=\"480c40c\" data-element_type=\"container\" data-e-type=\"container\" data-settings=\"{&quot;jet_parallax_layout_list&quot;:[]}\">\n\t\t\t\t\t<div class=\"e-con-inner\">\n\t\t\t\t<div class=\"elementor-element elementor-element-cd13328 elementor-widget elementor-widget-text-editor\" data-id=\"cd13328\" data-element_type=\"widget\" data-e-type=\"widget\" data-widget_type=\"text-editor.default\">\n\t\t\t\t<div class=\"elementor-widget-container\">\n\t\t\t\t\t\t\t\t\t<!DOCTYPE html>\n<html>\n<head>\n    <style>\n        body {\n            font-family: 'Poppins', sans-serif;\n            line-height: 1.6;\n            color: #333;\n            max-width: 1200px;\n            margin: 0 auto;\n            padding: 20px;\n        }\n        \n        h1 {\n            color: #2c3e50;\n            font-size: 24px;\n            font-weight: 600;\n            margin-top: 40px;\n            margin-bottom: 20px;\n        }\n        \n        .contract-title {\n            font-size: 28px;\n            font-weight: 700;\n            text-align: center;\n            margin-bottom: 30px;\n        }\n\n        .subtitle {\n            font-size: 20px;\n            text-align: center;\n            margin-bottom: 40px;\n        }\n        \n        p {\n            margin-bottom: 15px;\n            font-size: 16px;\n        }\n        \n        .parties {\n            margin: 20px 0;\n        }\n        \n        .party {\n            margin-bottom: 20px;\n        }\n        \n        .preamble {\n            margin: 30px 0;\n        }\n        \n        .section {\n            margin: 20px 0;\n        }\n        \n        .indent {\n            margin-left: 20px;\n        }\n        \n        .emphasis {\n            font-weight: 600;\n        }\n\n        .subsection {\n            margin: 15px 0 15px 20px;\n        }\n    <\/style>\n<\/head>\n<body>\n    <h1 class=\"contract-title\">Contract de Licen\u021b\u0103 \u0219i Servicii<\/h1>\n    <p class=\"subtitle\">Condi\u021bii generale<\/p>\n\n    <div class=\"contract-header\">\n        <p>Acest Contract de servicii \u0219i licen\u021b\u0103 (&#8220;<span class=\"emphasis\">Contractul<\/span>&#8220;) este valabil \u00eentre:<\/p>\n    <\/div>\n\n    <div class=\"parties\">\n        <div class=\"party\">\n            <p><strong>A. INOVATIE ALIA SRL<\/strong>, o societate constituit\u0103 \u0219i exist\u00e2nd \u00een conformitate cu legile din Rom\u00e2nia, \u00eenregistrat\u0103 la Oficiul Registrului Comer\u021bului sub nr. J22\/410\/2016, cod unic de \u00eenregistrare RO35663871 \u0219i av\u00e2nd sediul central la Aleea P\u0103curari nr. 12, camera 4, bloc G2, scara B, etaj 2, apartament 10, Municipiul Ia\u0219i, Jude\u021bul Ia\u0219i, Rom\u00e2nia, reprezentat\u0103 \u00een mod legal de Patr\u0103\u0219coiu Ionu\u021b, \u00een calitate de administrator, \u00een cele ce urmeaz\u0103 denumit\u0103 &#8220;<span class=\"emphasis\">Furnizorul<\/span>&#8220;<\/p>\n        <\/div>\n\n        <p>\u0219i<\/p>\n\n        <div class=\"party\">\n            <p><strong>B. Partenerul utilizator a Aplica\u021biei FameUp<\/strong>, \u00een cele ce urmeaz\u0103 denumit\u0103 &#8220;<span class=\"emphasis\">Partnerul<\/span>&#8220;, \u0219i care este persoana fizic\u0103 sau juridic\u0103 ce dore\u0219te utilizarea Aplica\u021biei FameUp \u0219i Serviciile prestare de Furnizor,<\/p>\n        <\/div>\n    <\/div>\n\n    <p>Furnizorul \u0219i Partenerul sunt denumi\u021bi \u00een cele ce urmeaz\u0103 \u00een mod colectiv &#8220;<span class=\"emphasis\">P\u0103r\u021bile<\/span>&#8221; \u0219i individual &#8220;<span class=\"emphasis\">Partea<\/span>&#8220;.<\/p>\n\n    <div class=\"preamble\">\n        <h1>PREAMBUL:<\/h1>\n        <div class=\"indent\">\n            <p>(1) \u00centruc\u00e2t Furnizorul de\u021bine toate drepturile asupra aplica\u021biei disponibile pentru desc\u0103rcare la <a href=\"https:\/\/www.fameup.net\/download\" target=\"_blank\" rel=\"noopener\">Descarc\u0103 FameUp App<\/a> (&#8220;<span class=\"emphasis\">Aplica\u021bia FameUp<\/span>&#8220;);<\/p>\n            <p>(2) \u00centruc\u00e2t Partenerul, prin personalul autorizat, a creat un Cont Business folosind Aplica\u021bia FameUp, a\u0219a cum este detaliat \u00een Termenii \u0219i Condi\u021biile Generale care se g\u0103sesc la <a href=\"https:\/\/fameup.net\/en\/terms-and-conditions\/\" target=\"_blank\" rel=\"noopener\">Terms &#038; Conditions<\/a>;<\/p>\n            <p>(3) \u00centruc\u00e2t Partenerul, prin personalul autorizat, va putea stabili colabor\u0103ri cu unul sau mai mul\u021bi influen\u021batori (&#8220;<span class=\"emphasis\">Influen\u021bator<\/span>&#8220;) folosind Aplica\u021bia FameUp;<\/p>\n            <p>(4) \u00centruc\u00e2t Furnizorul accept\u0103 folosirea de c\u0103tre Partener a Aplica\u021biei FameUp \u00een scopul facilit\u0103rii colabor\u0103rii descrise mai sus, \u00een conformitate cu Termenii \u0219i Condi\u021biile Generale, prezentul Contract \u0219i orice alte Documente ale Aplica\u021biei, a\u0219a cum sunt astfel de Documente ale Aplica\u021biei definite \u00een Termenii \u0219i Condi\u021biile Generale;<\/p>\n            <p>(5) \u00centruc\u00e2t Partenerul dore\u0219te utilizarea Aplica\u021biei FameUp exclusiv \u00een scopuri care se afl\u0103 \u00een cadrul direct \u0219i nemijlocit a activit\u0103\u021bii sale profesionale, economice \u0219i comerciale, garant\u00e2nd organizarea \u0219i desf\u0103\u0219urarea acestora \u00een mod licit, \u0219i exclusiv pentru servicii sau produse cu privire la care de\u021bine drepturile aferente de promovare, inclusiv drepturile asupra m\u0103rcilor promovate;<\/p>\n        <\/div>\n    <\/div>\n\n    <p>Prin urmare, P\u0103r\u021bile sunt de acord dup\u0103 cum urmeaz\u0103:<\/p>\n\n    <div class=\"section\">\n        <h1>1. ACORDUL PARTENERULUI PENTRU UTILIZAREA APLICA\u021aIEI FAMEUP<\/h1>\n        \n        <div class=\"subsection\">\n            <p>1.1 Partenerul este de acord s\u0103 utilizeze Aplica\u021bia FameUp \u00een conformitate cu Termenii \u0219i Condi\u021biile Generale, dispozi\u021biile prezentului Contract \u0219i, \u00een schimb, s\u0103 pl\u0103teasc\u0103 pre\u021bul serviciilor \u0219i licen\u021bei aferente, descris mai jos.<\/p>\n            \n            <p>1.2 Partenerul este de acord c\u0103 pentru func\u021bionarea colabor\u0103rii cu un Influen\u021bator, anumite informa\u021bii vor trebui completate, cum ar fi produsul sau serviciul care se dore\u0219te s\u0103 fie promovat, num\u0103rul de d\u0103\u021bi \u00een leg\u0103tur\u0103 cu care Influen\u021batorul trebuie s\u0103 posteze produsul sau serviciul dorit pentru a fi promovat, orice particularit\u0103\u021bi (set\u0103ri, hashtag-uri utilizate etc.) de care Influen\u021batorul trebuie s\u0103 \u021bin\u0103 cont \u00een momentul post\u0103rii produsului sau serviciului dorit s\u0103 fie promovat, platforma\/platformele media ce va\/vor fi folosit\u0103\/folosite pentru postare. O list\u0103 a termenilor relevan\u021bi va fi disponibil\u0103 \u00een Aplica\u021bia FameUp, Partenerul fiind r\u0103spunz\u0103tor de alegerea \u0219i completarea corect\u0103 a acestora.<\/p>\n            \n            <p>1.3 Partenerul este de acord c\u0103 orice colaborare cu un Influen\u021bator \u00eenregistrat \u00een Aplica\u021bia FameUp trebuie s\u0103 aib\u0103 loc \u00een orice moment prin Aplica\u021bia FameUp. Orice negociere cu privire la termeni \u0219i\/sau plat\u0103 cu un Influen\u021bator \u00eenregistrat \u00een Aplica\u021bia FameUp \u00een afara Aplica\u021biei FameUp este strict interzis\u0103. Orice \u00eencercare de alt fel poate duce la decizia Furnizorului de a \u00eenceta Contractul, Contul Business al Partenerului \u0219i\/sau accesul la Aplica\u021bia FameUp.<\/p>\n        <\/div>\n    <\/div>\n\n    <div class=\"section\">\n        <h1>2. TERMENI PRIVIND ONORARIILE \u0218I PLATA<\/h1>\n        \n        <div class=\"subsection\">\n            <p>2.1 ONORARIILE GENERALE<\/p>\n            \n            <div class=\"indent\">\n                <p>Partenerul \u00een\u021belege \u0219i este de acord c\u0103 sumele aferente Campaniilor de promovare pe care ini\u021biaz\u0103 se constituie \u00een credit la dispozi\u021bia Partenerului, \u0219i este disponibil \u00een portofelul virtual al acestuia, pe o perioad\u0103 activ\u0103 de 180 zile calendaristice de la data pl\u0103\u021bii sumelor de catre Partener c\u0103tre Furnizor. Dac\u0103, p\u00e2n\u0103 la sf\u0103r\u0219itul perioadei active de 180 de zile, nu este consumat acest credit, el devine inutilizabil, iar sumele r\u0103mase sunt nerambursabile.<\/p>\n                \n                <p>Creditul este datorat de Partener pentru punerea la dispozi\u021bie a facilit\u0103\u021bilor de utilizare a Aplica\u021biei FameUp, incluz\u00e2nd op\u021biunile de servicii disponibile. Creditul va fi utilizat pentru serviciile Furnizorului, licen\u021ba Aplica\u021biei, \u0219i serviciile de creare de con\u021binut de c\u0103tre Influen\u021bator.<\/p>\n                \n                <p>Pentru toate serviciile, se va aplica TVA-ul conform prevederilor legale.<\/p>\n            <\/div>\n\n            <p>2.2 FACTURAREA<\/p>\n            \n            <div class=\"indent\">\n                <p>Factura con\u021bin\u00e2nd sumele prezentate mai sus va fi emis\u0103 de Furnizor \u00een RON prin mijloace electronice \u0219i \u00een conformitate cu Legea nr. 227\/2015 (Codul Fiscal) cu modific\u0103rile \u0219i complet\u0103rile ulterioare, la momentul ini\u021bierii unei Campanii de promovare \u0219i a vir\u0103rii pre\u021bului, chiar dac\u0103 Partenerul nu a stabilit toate detealiile aferente Campaniei.<\/p>\n            <\/div>\n\n            <p>2.3 PLATA FACTURILOR<\/p>\n            \n            <div class=\"indent\">\n                <p>Facturile emise pentru sumele prezentate mai sus sunt scadente la data emiterii, iar Partenerul trebuie s\u0103 fac\u0103 dovada \u2013 la data ini\u021bierii unei colabor\u0103ri cu Influen\u021batori prin intermediul Aplica\u021biei FameUp \u2013 c\u0103 de\u021bine fonduri suficiente pentru a acoperi contravaloarea serviciilor aferente Campaniei pe care dore\u0219te s\u0103 o desf\u0103\u0219oare.<\/p>\n            <\/div>\n        <\/div>\n    <\/div>\n\n    <div class=\"section\">\n        <h1>3. R\u0102SPUNDEREA PARTENERULUI<\/h1>\n        \n        <div class=\"subsection\">\n            <p>3.1 Partenerul va compensa Furnizorul pentru orice daune cauzate acestuia din urm\u0103 ca urmare a \u00eenc\u0103lc\u0103rii prezentului Contract sau a Termenilor \u0219i Condi\u021biilor Generale.<\/p>\n            \n            <p>3.2 Partenerul reprezint\u0103 \u0219i garanteaz\u0103 c\u0103 este singurul responsabil pentru colabor\u0103rile stabilite cu un Influen\u021bator. Cu toate acestea, Furnizorul \u00ee\u0219i rezerv\u0103 dreptul de a elimina orice comunicare postat\u0103 de Partener \u0219i considerat\u0103 de Furnizor ca fiind abuziv\u0103, trolling, spam sau \u00een orice alt mod inadecvat\u0103.<\/p>\n        <\/div>\n    <\/div>\n\n    <div class=\"section\">\n        <h1>4. R\u0102SPUNDEREA FURNIZORULUI<\/h1>\n        \n        <div class=\"subsection\">\n            <p>4.1 Furnizorul va desp\u0103gubi Partenerul pentru orice daune cauzate acestuia din urm\u0103 de orice \u00eenc\u0103lcare inten\u021bionat\u0103 de c\u0103tre Furnizor a prezentului Contract \u0219i a Termenilor \u0219i Condi\u021biilor Generale, cu condi\u021bia ca r\u0103spunderea total\u0103 a Furnizorului fa\u021b\u0103 de Partener s\u0103 fie limitat\u0103 la Pre\u021bul pl\u0103tit al serviciilor.<\/p>\n            \n            <p>4.2 Furnizorul nu este r\u0103spunz\u0103tor pentru nicio pierdere suferit\u0103 de Partener \u00een cazul \u00een care Furnizorul \u0219i-a \u00eendeplinit \u00eendatoririle \u0219i func\u021biile prev\u0103zute \u00een prezentul Contract \u0219i \u00een Termenii \u0219i Condi\u021biile Generale. Pentru claritate \u0219i f\u0103r\u0103 a aduce atingere prevederilor anterioare, Partenerul \u00een\u021belege c\u0103 Furnizorul nu este r\u0103spunz\u0103tor pentru maniera \u00een care un Influen\u021bator \u00ee\u0219i \u00eendepline\u0219te obliga\u021biile rezult\u00e2nd din colaborarea cu Partenerul.<\/p>\n        <\/div>\n    <\/div>\n\n    <div class=\"section\">\n        <h1>5. PROPRIETATE INTELECTUAL\u0102<\/h1>\n        \n        <div class=\"subsection\">\n            <p>5.1 Pe l\u00e2ng\u0103 clauzele referitoare la Proprietatea Intelectual\u0103 incluse \u00een Termenii \u0219i Condi\u021biile Generale, P\u0103r\u021bile sunt de acord, de asemenea, ca Furnizorul s\u0103 cesioneze toate Drepturile de Proprietate Intelectual\u0103, a\u0219a cum acestea sunt definite \u00een Termenii \u0219i Condi\u021biile Generale, drepturi pe care Influen\u021batorul i le-a cedat asupra oric\u0103rui con\u021binut creat de Influen\u021bator \u00een urma prest\u0103rii de servicii de creare de con\u021binut pentru Partener, incluz\u00e2nd, dar f\u0103r\u0103 a se limita la, drepturile de autor asupra tuturor operelor de crea\u021bie privitoare la colaborarea Influen\u021batorului cu Partenerul (&#8220;<span class=\"emphasis\">Lucr\u0103rile<\/span>&#8220;), precum \u0219i asupra altor opere de crea\u021bie care sunt create \u0219i\/sau se pot crea \u00een viitor din sau \u00een leg\u0103tur\u0103 cu Lucr\u0103rile, Partenerului pe \u00eentreaga durat\u0103 de protec\u021bie prev\u0103zut\u0103 de lege \u0219i f\u0103r\u0103 nicio limitare teritorial\u0103 (la nivel mondial). Partenerul are dreptul de a utiliza public Operele pe o durat\u0103 de maxim 180 de zile de la data primei comunic\u0103ri publice a Operei de c\u0103tre Influenceri.<\/p>\n            \n            <p>5.2 Cesiunea total\u0103 \u0219i exclusiv\u0103 de mai sus a tuturor Drepturilor de Proprietate Intelectual\u0103, pe durata termenului de 180 de zile men\u021bionat \u00een art. 5.1 din prezentul Contract, include toate modalit\u0103\u021bile (modurile) stabilite de lege pentru utilizarea Operelor sub orice form\u0103 \u0219i pe orice suport, inclusiv orice form\u0103 sau suport care poate fi dezvoltat \u00een viitor \u0219i care nu este stabilit la data \u00eencheierii Contractului, inclusiv, f\u0103r\u0103 a se limita la, dreptul de a utiliza operele \u00een orice scop, de a le reproduce \u0219i comunica publicului prin orice mijloace \u0219i pe orice suport, de a crea opere derivate, de a acorda licen\u021be de utilizare, distribu\u021bie sau export asupra acestora \u0219i de a le cesiona integral sau par\u021bial oric\u0103rui ter\u021b.<\/p>\n            \n            <p>5.3 Pre\u021bul pentru cesiunea total\u0103, exclusiv\u0103 \u0219i nelimitat\u0103 pe teritoriul tuturor drepturilor de proprietate intelectual\u0103 asupra Operelor (&#8220;<span class=\"emphasis\">Pre\u021bul cesiunii<\/span>&#8220;) este inclus \u00een Pre\u021bul Serviciilor.<\/p>\n            \n            <p>5.4 P\u0103r\u021bile sunt de acord c\u0103 Pre\u021bul Cesiunii este echitabil \u00een raport cu beneficiile ob\u021binute de Partener \u00een conformitate cu Articolele 5.1 &#8211; 5.3 de mai sus.<\/p>\n            \n            <p>5.5 De asemenea, prin prezentul Contract, Partenerul acord\u0103 Furnizorului dreptul limitat de a utiliza Operele exclusiv in legatura cu Aplica\u021bia FameUp pe durata nelimitat\u0103 \u0219i pe orice teritoriu.<\/p>\n        <\/div>\n    <\/div>\n\n    <div class=\"section\">\n        <h1>6. \u00ceNCETARE<\/h1>\n        \n        <div class=\"subsection\">\n            <p>6.1 Furnizorul poate \u00eenceta prezentul Contract \u0219i, \u00een consecin\u021b\u0103, accesul la Contul Business \u0219i\/sau accesul la Aplica\u021bia FameUp printr-o notificare simpl\u0103 cu efect imediat, f\u0103r\u0103 alt\u0103 formalitate judiciar\u0103 sau extrajudiciar\u0103, dac\u0103:<\/p>\n            \n            <div class=\"indent\">\n                <p>Furnizorul consider\u0103 c\u0103 Partenerul abuzeaz\u0103 sau modific\u0103 \u00een orice fel Aplica\u021bia FameUp \u0219i\/sau c\u0103 Partenerul a \u00eenc\u0103lcat prezentul Contract; Partenerul negociaz\u0103 cu un Influen\u021bator \u00eenregistrat \u00een Aplica\u021bia FameUp termeni sau pl\u0103\u021bi \u00een afara Aplica\u021biei FameUp;<\/p>\n                \n                <p>Furnizorul este obligat s\u0103 fac\u0103 acest lucru prin lege sau \u00een urma deciziei unei autorit\u0103\u021bi sau pentru c\u0103 Furnizorul \u00eenceteaz\u0103 s\u0103 furnizeze accesul la Aplica\u021bia FameUp din orice motiv; sau<\/p>\n                \n                <p>Furnizorul consider\u0103 c\u0103 furnizarea accesului la Aplica\u021bia FameUp nu mai este viabil\u0103 din punct de vedere comercial.<\/p>\n            <\/div>\n        <\/div>\n    <\/div>\n\n    <div class=\"section\">\n        <h1>7. NOTIFIC\u0102RI<\/h1>\n        \n        <div class=\"subsection\">\n            <p>7.1 Furnizorul poate transmite Partenerului notific\u0103ri prin e-mail, po\u0219t\u0103 normal\u0103, curier sau post\u0103ri \u00een Aplica\u021bia FameUp.<\/p>\n        <\/div>\n    <\/div>\n\n    <div class=\"section\">\n        <h1>8. SUPRAVIE\u021aUIREA CLAUZELOR<\/h1>\n        \n        <div class=\"subsection\">\n            <p>8.1 Atunci c\u00e2nd prezentul Contract va fi terminat, indiferent de motiv, toate drepturile, obliga\u021biile \u0219i r\u0103spunderile legale de care Furnizorul \u0219i Partenerul au beneficiat, la care au fost supu\u0219i (sau care s-au acumulat de-a lungul timpului \u00een timp ce prezentul Contract a fost \u00een vigoare) sau care sunt prev\u0103zute s\u0103 continue dup\u0103 aceast\u0103 \u00eencetare, nu vor fi afectate de aceast\u0103 terminare, dac\u0103 nu se prevede altfel prin prezentul Contract.<\/p>\n        <\/div>\n    <\/div>\n\n    <div class=\"section\">\n        <h1>9. FOR\u021a\u0102 MAJOR\u0102<\/h1>\n        \n        <div class=\"subsection\">\n            <p>9.1 P\u0103r\u021bile nu vor \u00eenc\u0103lca prezentul Contract \u0219i nu vor fi responsabile sau r\u0103spunz\u0103toare \u00een niciun fel pentru orice pierdere sau pagub\u0103 suferit\u0103 ca urmare a oric\u0103rui caz de for\u021b\u0103 major\u0103, astfel cum este prev\u0103zut de legea care guverneaz\u0103 prezentul Contract.<\/p>\n        <\/div>\n    <\/div>\n\n    <div class=\"section\">\n        <h1>10. CONFIDEN\u021aIALITATE<\/h1>\n        \n        <div class=\"subsection\">\n            <p>10.1 Partenerul va p\u0103stra cu titlu confiden\u021bial toate informa\u021biile confiden\u021biale primite de la Furnizor \u00een cadrul execut\u0103rii prezentului Contract \u0219i va utiliza aceste informa\u021bii confiden\u021biale numai \u00een scopul execut\u0103rii prezentului Contract. Partenerul este de acord ca Furnizorul sa poate dezvalui ca il are pe Partener in portofoliul sau de parteneri.<\/p>\n        <\/div>\n    <\/div>\n\n    <div class=\"section\">\n        <h1>11. CESIUNE<\/h1>\n        \n        <div class=\"subsection\">\n            <p>11.1 Furnizorul poate cesiona drepturile \u0219i\/sau obliga\u021biile sale \u00een temeiul prezentului Contract f\u0103r\u0103 consim\u021b\u0103m\u00e2ntul dvs. prealabil unui furnizor credibil de servicii similare.<\/p>\n        <\/div>\n    <\/div>\n\n    <div class=\"section\">\n        <h1>12. F\u0102R\u0102 PARTENERIAT SAU REPREZENTARE<\/h1>\n        \n        <div class=\"subsection\">\n            <p>12.1 Contractul nu va fi interpretat astfel \u00eenc\u00e2t s\u0103 creeze un parteneriat sau asociere \u00een participa\u021biune \u00eentre P\u0103r\u021bi.<\/p>\n        <\/div>\n    <\/div>\n\n    <div class=\"section\">\n        <h1>13. F\u0102R\u0102 RENUN\u021aARE<\/h1>\n        \n        <div class=\"subsection\">\n            <p>13.1 \u00cen cazul \u00een care oricare dintre P\u0103r\u021bi nu reu\u0219e\u0219te s\u0103-\u0219i exercite vreun drept sau remediu con\u021binut \u00een prezentul Contract, aceasta nu \u00eenseamn\u0103 c\u0103 Partea a renun\u021bat la acel drept sau remediu.<\/p>\n        <\/div>\n    <\/div>\n\n    <div class=\"section\">\n        <h1>14. DIVIZIBILITATE<\/h1>\n        \n        <div class=\"subsection\">\n            <p>14.1 \u00cen cazul \u00een care o dispozi\u021bie a prezentului Contract este considerat\u0103 \u00een mod judiciar ca fiind invalid\u0103, ilegal\u0103 sau neaplicabil\u0103, validitatea, legalitatea \u0219i aplicabilitatea celorlalte dispozi\u021bii ale acestuia nu vor fi \u00een niciun fel afectate sau \u00eempiedicate.<\/p>\n        <\/div>\n    <\/div>\n\n    <div class=\"section\">\n        <h1>15. \u00ceNTREGUL CONTRACT<\/h1>\n        \n        <div class=\"subsection\">\n            <p>15.1 Prezentul Contract, \u00eempreun\u0103 cu Termenii \u0219i Condi\u021biile Generale, reprezint\u0103 \u00eentregul acord dintre P\u0103r\u021bi \u0219i \u00eenlocuie\u0219te toate acordurile \u0219i \u00een\u021belegerile anterioare dintre P\u0103r\u021bi cu privire la problemele prezentate \u00een acesta. \u00cen m\u0103sura \u00een care exist\u0103 un conflict \u00eentre prezentul Contract \u0219i Termenii \u0219i Condi\u021biile Generale, prezentul Contract prevaleaz\u0103.<\/p>\n        <\/div>\n    <\/div>\n\n    <div class=\"section\">\n        <h1>16. ASIGUR\u0102RI SUPLIMENTARE<\/h1>\n        \n        <div class=\"subsection\">\n            <p>16.1 Fiecare Parte, din c\u00e2nd \u00een c\u00e2nd, va efectua toate acele acte \u0219i va executa toate documentele care pot fi rezonabil necesare pentru a da efect prevederilor prezentului Contract.<\/p>\n        <\/div>\n    <\/div>\n\n    <div class=\"section\">\n        <h1>17. LEGEA APLICABIL\u0102 \u0218I DISPUTELE<\/h1>\n        \n        <div class=\"subsection\">\n            <p>17.1 Prezentul Contract va fi guvernat \u0219i interpretat \u00een conformitate cu legile Rom\u00e2niei f\u0103r\u0103 a \u021bine cont de regulile privind normele conflictuale.<\/p>\n            \n            <p>17.2 Orice litigiu \u00een leg\u0103tur\u0103 cu prezentul Contract va fi supus jurisdic\u021biei exclusive a instan\u021belor competente de la sediul Furnizorului.<\/p>\n        <\/div>\n    <\/div>\n\n    <div class=\"section\">\n        <h1>18. EXEMPLARE; FACSIMIL; MA\u0218IN\u0102 DOCUMENTE ELECTRONICE<\/h1>\n        \n        <div class=\"subsection\">\n            <p>18.1 Prezentul Contract poate fi executat \u00een orice num\u0103r de exemplare, fiecare dintre acestea fiind un original, dar toate \u00eempreun\u0103 constituind un singur instrument. Prezentul Contract \u0219i fiecare alt acord sau instrument \u00eencheiat \u00een leg\u0103tur\u0103 cu sau avute \u00een vedere de acesta, \u00een m\u0103sura semn\u0103rii \u0219i livr\u0103rii cu ajutorul unei ma\u0219ini facsimile sau a unei ma\u0219ini de documente electronice, sunt tratate \u00een orice mod \u0219i din orice perspectiv\u0103 drept un acord sau un instrument original \u0219i se consider\u0103 c\u0103 are acela\u0219i efect juridic obligatoriu ca \u0219i cum ar fi versiunea original\u0103 semnat\u0103 a acestuia, livrat\u0103 personal. Nici o Parte din prezentul sau a unui astfel de acord sau instrument nu poate ridica utilizarea unui fax sau a unei ma\u0219ini de documente electronice pentru a livra o semn\u0103tur\u0103 sau faptul c\u0103 orice semn\u0103tur\u0103, acord sau instrument au fost transmise sau comunicate prin utilizarea unei ma\u0219ini facsimile sau de documente electronice ca o ap\u0103rare la formarea sau executarea unui contract \u0219i fiecare astfel de parte renun\u021b\u0103 pentru totdeauna la orice astfel de ap\u0103rare.<\/p>\n        <\/div>\n    <\/div>\n\n    <div class=\"final-clause\">\n        <p>Fiecare Parte \u00eencheie acest Contract \u00een nume propriu \u0219i pe seama sa pe baza propriei analize (sau, dup\u0103 caz, sus\u021binute de consilierii s\u0103i) \u0219i \u00een\u021belege pe deplin \u0219i este de acord cu drepturile \u0219i obliga\u021biile sale (inclusiv riscurile asociate cu acesta) \u00een temeiul prezentului Contract \u0219i al Termenilor \u0219i Condi\u021biilor Generale \u0219i al Documentelor Aplica\u021biei. Fiecare clauz\u0103 a prezentului Contract a fost citit\u0103 cu aten\u021bie \u0219i negociat\u0103 (dac\u0103 \u0219i cum este considerat\u0103 relevant\u0103 de fiecare Parte) pentru a fi pe deplin acceptabil\u0103 pentru Partea respectiv\u0103 \u0219i fiecare clauz\u0103 a prezentului Contract, incluz\u00e2nd, f\u0103r\u0103 limitare, fiecare clauz\u0103 \u00een raport cu (a) limitarea r\u0103spunderii, (b) \u00eencetarea prezentului Contract, (c) suspendarea execut\u0103rii obliga\u021biilor c\u0103tre o Parte (d) pierderea drepturilor sau pierderea beneficiului oric\u0103rui termen, (e) limitarea dreptului de a invoca orice excep\u021bie, (f) limitarea libert\u0103\u021bii de a contracta cu alte persoane, (g) alegerea legii aplicabile \u0219i alegerea instan\u021belor competente, este \u00een mod expres convenit\u0103 \u0219i acceptat\u0103 de fiecare Parte.<\/p>\n    <\/div>\n\n<\/body>\n<\/html>\t\t\t\t\t\t\t\t<\/div>\n\t\t\t\t<\/div>\n\t\t\t\t\t<\/div>\n\t\t\t\t<\/div>\n\t\t\t\t<\/div>","protected":false},"excerpt":{"rendered":"<p>Contract de Licen\u021b\u0103 \u0219i Servicii Condi\u021bii generale Acest Contract de servicii \u0219i licen\u021b\u0103 (&#8220;Contractul&#8221;) este valabil \u00eentre: A. INOVATIE ALIA SRL, o societate constituit\u0103 \u0219i exist\u00e2nd \u00een conformitate cu legile din Rom\u00e2nia, \u00eenregistrat\u0103 la Oficiul Registrului Comer\u021bului sub nr. J22\/410\/2016, cod unic de \u00eenregistrare RO35663871 \u0219i av\u00e2nd sediul central la Aleea P\u0103curari nr. 12, camera [&hellip;]<\/p>","protected":false},"author":1,"featured_media":0,"parent":0,"menu_order":0,"comment_status":"closed","ping_status":"closed","template":"","meta":{"footnotes":""},"class_list":["post-14609","page","type-page","status-publish","hentry"],"_links":{"self":[{"href":"https:\/\/fameup.com\/pt_br\/wp-json\/wp\/v2\/pages\/14609","targetHints":{"allow":["GET"]}}],"collection":[{"href":"https:\/\/fameup.com\/pt_br\/wp-json\/wp\/v2\/pages"}],"about":[{"href":"https:\/\/fameup.com\/pt_br\/wp-json\/wp\/v2\/types\/page"}],"author":[{"embeddable":true,"href":"https:\/\/fameup.com\/pt_br\/wp-json\/wp\/v2\/users\/1"}],"replies":[{"embeddable":true,"href":"https:\/\/fameup.com\/pt_br\/wp-json\/wp\/v2\/comments?post=14609"}],"version-history":[{"count":0,"href":"https:\/\/fameup.com\/pt_br\/wp-json\/wp\/v2\/pages\/14609\/revisions"}],"wp:attachment":[{"href":"https:\/\/fameup.com\/pt_br\/wp-json\/wp\/v2\/media?parent=14609"}],"curies":[{"name":"wp","href":"https:\/\/api.w.org\/{rel}","templated":true}]}}