{"id":12012,"date":"2024-09-04T08:27:17","date_gmt":"2024-09-04T05:27:17","guid":{"rendered":"https:\/\/fameup.com\/?page_id=12012"},"modified":"2026-01-26T11:29:03","modified_gmt":"2026-01-26T09:29:03","slug":"media-press","status":"publish","type":"page","link":"https:\/\/fameup.com\/pt_br\/media-press\/","title":{"rendered":"M\u00eddia e imprensa"},"content":{"rendered":"<div data-elementor-type=\"wp-page\" data-elementor-id=\"12012\" class=\"elementor elementor-12012\" data-elementor-post-type=\"page\">\n\t\t\t\t<div class=\"elementor-element elementor-element-17de974 e-flex e-con-boxed e-con e-parent\" data-id=\"17de974\" data-element_type=\"container\" data-e-type=\"container\" data-settings=\"{&quot;jet_parallax_layout_list&quot;:[]}\">\n\t\t\t\t\t<div class=\"e-con-inner\">\n\t\t\t\t<div class=\"elementor-element elementor-element-d24e392 elementor-widget elementor-widget-heading\" data-id=\"d24e392\" data-element_type=\"widget\" data-e-type=\"widget\" data-widget_type=\"heading.default\">\n\t\t\t\t<div class=\"elementor-widget-container\">\n\t\t\t\t\t<h2 class=\"elementor-heading-title translation-block\"><span style=\"color:#0CACA3\">M\u00eddia<\/span> e Imprensa<\/h2>\t\t\t\t<\/div>\n\t\t\t\t<\/div>\n\t\t\t\t\t<\/div>\n\t\t\t\t<\/div>\n\t\t<div class=\"elementor-element elementor-element-d72c920 e-flex e-con-boxed e-con e-parent\" data-id=\"d72c920\" data-element_type=\"container\" data-e-type=\"container\" data-settings=\"{&quot;jet_parallax_layout_list&quot;:[]}\">\n\t\t\t\t\t<div class=\"e-con-inner\">\n\t\t<div class=\"elementor-element elementor-element-2940d31 e-con-full e-flex e-con e-child\" data-id=\"2940d31\" data-element_type=\"container\" data-e-type=\"container\" data-settings=\"{&quot;jet_parallax_layout_list&quot;:[]}\">\n\t\t<div class=\"elementor-element elementor-element-515da27 e-con-full e-flex e-con e-child\" data-id=\"515da27\" data-element_type=\"container\" data-e-type=\"container\" data-settings=\"{&quot;jet_parallax_layout_list&quot;:[]}\">\n\t\t\t\t<div class=\"elementor-element elementor-element-fe4babb elementor-widget__width-inherit elementor-position-top elementor-invisible elementor-widget elementor-widget-image-box\" data-id=\"fe4babb\" data-element_type=\"widget\" data-e-type=\"widget\" data-settings=\"{&quot;_animation&quot;:&quot;zoomIn&quot;}\" data-widget_type=\"image-box.default\">\n\t\t\t\t<div class=\"elementor-widget-container\">\n\t\t\t\t\t<div class=\"elementor-image-box-wrapper\"><figure class=\"elementor-image-box-img\"><a href=\"https:\/\/www.romania-insider.com\/romanian-startup-fameup-daniel-dines-financing-round#:~:text=UiPathbillionaireDanielDinesinvestsinRomanianmicroinfluencerplatform,-13August2021&amp;text=RomanianstartupFameUp(fameup.net,andprepareforglobalscaling\" target=\"_blank\" tabindex=\"-1\" rel=\"noopener\"><img fetchpriority=\"high\" decoding=\"async\" width=\"304\" height=\"238\" src=\"https:\/\/fameup.com\/wp-content\/uploads\/2022\/06\/UiPath.webp\" class=\"attachment-full size-full wp-image-1439\" alt=\"\" srcset=\"https:\/\/fameup.com\/wp-content\/uploads\/2022\/06\/UiPath.webp 304w, https:\/\/fameup.com\/wp-content\/uploads\/2022\/06\/UiPath-300x235.webp 300w\" sizes=\"(max-width: 304px) 100vw, 304px\" \/><\/a><\/figure><div class=\"elementor-image-box-content\"><h3 class=\"elementor-image-box-title\"><a href=\"https:\/\/www.romania-insider.com\/romanian-startup-fameup-daniel-dines-financing-round#:~:text=UiPathbillionaireDanielDinesinvestsinRomanianmicroinfluencerplatform,-13August2021&amp;text=RomanianstartupFameUp(fameup.net,andprepareforglobalscaling\" target=\"_blank\" rel=\"noopener\">O bilion\u00e1rio da UiPath, Daniel Dines, investe em plataforma de micro-influenciadores romeno<\/a><\/h3><p class=\"elementor-image-box-description\">A startup romena FameUp (fameup.net) arrecadou 2,5 milh\u00f5es de EUR em financiamento para desenvolver sua plataforma m\u00f3vel dedicada a micro-influenciadores e se preparar para a escalabilidade global. \n\n<br>\n<a href=\"https:\/\/www.romania-insider.com\/romanian-startup-fameup-daniel-dines-financing-round#:~:text=UiPathbillionaireDanielDinesinvestsinRomanianmicroinfluencerplatform,-13August2021&amp;text=RomanianstartupFameUp(fameup.net,andprepareforglobalscaling\" target=\"_blank\" style=\"color:#EF4C42;text-decoration:underline;font-style:italic\" rel=\"noopener\">Leia mais...<\/a><\/p><\/div><\/div>\t\t\t\t<\/div>\n\t\t\t\t<\/div>\n\t\t\t\t<\/div>\n\t\t<div class=\"elementor-element elementor-element-99e3148 e-con-full e-flex e-con e-child\" data-id=\"99e3148\" data-element_type=\"container\" data-e-type=\"container\" data-settings=\"{&quot;jet_parallax_layout_list&quot;:[]}\">\n\t\t\t\t<div class=\"elementor-element elementor-element-acc88e2 elementor-widget__width-inherit elementor-position-top elementor-invisible elementor-widget elementor-widget-image-box\" data-id=\"acc88e2\" data-element_type=\"widget\" data-e-type=\"widget\" data-settings=\"{&quot;_animation&quot;:&quot;zoomIn&quot;}\" data-widget_type=\"image-box.default\">\n\t\t\t\t<div class=\"elementor-widget-container\">\n\t\t\t\t\t<div class=\"elementor-image-box-wrapper\"><figure class=\"elementor-image-box-img\"><a href=\"https:\/\/www.zf.ro\/zf-24\/start-up-ul-local-fameup-aplicatie-influencer-marketing-anul-acesta-22383973\" tabindex=\"-1\" target=\"_blank\" rel=\"noopener\"><img decoding=\"async\" width=\"1500\" height=\"1165\" src=\"https:\/\/fameup.com\/wp-content\/uploads\/2024\/09\/fameup-ZF-ro.png\" class=\"attachment-full size-full wp-image-12903\" alt=\"\" srcset=\"https:\/\/fameup.com\/wp-content\/uploads\/2024\/09\/fameup-ZF-ro.png 1500w, https:\/\/fameup.com\/wp-content\/uploads\/2024\/09\/fameup-ZF-ro-300x233.png 300w, https:\/\/fameup.com\/wp-content\/uploads\/2024\/09\/fameup-ZF-ro-1024x795.png 1024w, https:\/\/fameup.com\/wp-content\/uploads\/2024\/09\/fameup-ZF-ro-768x596.png 768w, https:\/\/fameup.com\/wp-content\/uploads\/2024\/09\/fameup-ZF-ro-15x12.png 15w\" sizes=\"(max-width: 1500px) 100vw, 1500px\" \/><\/a><\/figure><div class=\"elementor-image-box-content\"><h3 class=\"elementor-image-box-title\"><a href=\"https:\/\/www.zf.ro\/zf-24\/start-up-ul-local-fameup-aplicatie-influencer-marketing-anul-acesta-22383973\" target=\"_blank\" rel=\"noopener\">This year, we aim to reach revenues of 4-5 million euros, and from 2025, we plan to attract a Series A funding round worth 15-20 million euros<\/a><\/h3><p class=\"elementor-image-box-description\">Local startup FameUP, which has developed an influencer marketing app that connects brands with micro-influencers, aims to raise a Series A funding round totaling \u20ac15-20 million in 2025, mainly for growth in the US market, where it entered last November.\n<br>\n<a href=\"https:\/\/www.zf.ro\/zf-24\/start-up-ul-local-fameup-aplicatie-influencer-marketing-anul-acesta-22383973\" target=\"_blank\" style=\"color:#EF4C42;text-decoration:underline;font-style:italic\" rel=\"noopener\">Leia mais...<\/a><\/p><\/div><\/div>\t\t\t\t<\/div>\n\t\t\t\t<\/div>\n\t\t\t\t<\/div>\n\t\t<div class=\"elementor-element elementor-element-1f3dc50 e-con-full e-flex e-con e-child\" data-id=\"1f3dc50\" data-element_type=\"container\" data-e-type=\"container\" data-settings=\"{&quot;jet_parallax_layout_list&quot;:[]}\">\n\t\t\t\t<div class=\"elementor-element elementor-element-087c2f7 elementor-widget__width-inherit elementor-position-top elementor-invisible elementor-widget elementor-widget-image-box\" data-id=\"087c2f7\" data-element_type=\"widget\" data-e-type=\"widget\" data-settings=\"{&quot;_animation&quot;:&quot;zoomIn&quot;}\" data-widget_type=\"image-box.default\">\n\t\t\t\t<div class=\"elementor-widget-container\">\n\t\t\t\t\t<div class=\"elementor-image-box-wrapper\"><figure class=\"elementor-image-box-img\"><a href=\"https:\/\/start-up.ro\/video-o-cafea-pentru-un-story-fameup-investitie-de-la-early-game-ventures\/%20\" target=\"_blank\" tabindex=\"-1\" rel=\"noopener\"><img decoding=\"async\" width=\"304\" height=\"236\" src=\"https:\/\/fameup.com\/wp-content\/uploads\/2022\/06\/press2.webp\" class=\"attachment-full size-full wp-image-1449\" alt=\"\" srcset=\"https:\/\/fameup.com\/wp-content\/uploads\/2022\/06\/press2.webp 304w, https:\/\/fameup.com\/wp-content\/uploads\/2022\/06\/press2-300x233.webp 300w\" sizes=\"(max-width: 304px) 100vw, 304px\" \/><\/a><\/figure><div class=\"elementor-image-box-content\"><h3 class=\"elementor-image-box-title\"><a href=\"https:\/\/start-up.ro\/video-o-cafea-pentru-un-story-fameup-investitie-de-la-early-game-ventures\/%20\" target=\"_blank\" rel=\"noopener\">V\u00cdDEO Um caf\u00e9 por uma hist\u00f3ria: FameUp, investimento da Early Game Ventures<\/a><\/h3><p class=\"elementor-image-box-description\">A Early Game Ventures e v\u00e1rios investidores anjo, incluindo o fundador da UiPath, Daniel Dines, est\u00e3o investindo 2,5 milh\u00f5es de euros na FameUp...<br>\n\n<a href=\"https:\/\/start-up.ro\/video-o-cafea-pentru-un-story-fameup-investitie-de-la-early-game-ventures\/\" target=\"_blank\" style=\"color:#EF4C42;text-decoration:underline;font-style:italic\" rel=\"noopener\">Leia mais...<\/a><\/p><\/div><\/div>\t\t\t\t<\/div>\n\t\t\t\t<\/div>\n\t\t\t\t<\/div>\n\t\t\t\t<\/div>\n\t\t<div class=\"elementor-element elementor-element-69330cd e-con-full e-flex e-con e-child\" data-id=\"69330cd\" data-element_type=\"container\" data-e-type=\"container\" data-settings=\"{&quot;jet_parallax_layout_list&quot;:[]}\">\n\t\t<div class=\"elementor-element elementor-element-f987e4f e-con-full e-flex e-con e-child\" data-id=\"f987e4f\" data-element_type=\"container\" data-e-type=\"container\" data-settings=\"{&quot;jet_parallax_layout_list&quot;:[]}\">\n\t\t\t\t<div class=\"elementor-element elementor-element-32d386b elementor-widget__width-inherit elementor-position-top elementor-invisible elementor-widget elementor-widget-image-box\" data-id=\"32d386b\" data-element_type=\"widget\" data-e-type=\"widget\" data-settings=\"{&quot;_animation&quot;:&quot;zoomIn&quot;}\" data-widget_type=\"image-box.default\">\n\t\t\t\t<div class=\"elementor-widget-container\">\n\t\t\t\t\t<div class=\"elementor-image-box-wrapper\"><figure class=\"elementor-image-box-img\"><a href=\"https:\/\/www.startupcafe.ro\/finantari\/marketplace-fameup-daniel-dines-influencer-local-investitie.htm\" target=\"_blank\" tabindex=\"-1\" rel=\"noopener\"><img loading=\"lazy\" decoding=\"async\" width=\"304\" height=\"236\" src=\"https:\/\/fameup.com\/wp-content\/uploads\/2022\/06\/press3.webp\" class=\"attachment-full size-full wp-image-1450\" alt=\"\" srcset=\"https:\/\/fameup.com\/wp-content\/uploads\/2022\/06\/press3.webp 304w, https:\/\/fameup.com\/wp-content\/uploads\/2022\/06\/press3-300x233.webp 300w\" sizes=\"(max-width: 304px) 100vw, 304px\" \/><\/a><\/figure><div class=\"elementor-image-box-content\"><h3 class=\"elementor-image-box-title\"><a href=\"https:\/\/www.startupcafe.ro\/finantari\/marketplace-fameup-daniel-dines-influencer-local-investitie.htm\" target=\"_blank\" rel=\"noopener\">Investimento de sementes de 2,5 milh\u00f5es de euros em um mercado romeno de influenciadores locais.<\/a><\/h3><p class=\"elementor-image-box-description\">Em uma entrevista com StartupCafe.ro, o empres\u00e1rio Ionu\u021b P\u0103tr\u0103\u0219coiu diz que o dinheiro ser\u00e1 usado para expandir a equipe e preparar o mercado para o lan\u00e7amento no mercado americano no in\u00edcio de 2022. \n\n<br>\n<a href=\"https:\/\/www.startupcafe.ro\/finantari\/marketplace-fameup-daniel-dines-influencer-local-investitie.htm\" target=\"_blank\" style=\"color:#EF4C42;text-decoration:underline;font-style:italic\" rel=\"noopener\">Leia mais...<\/a><\/p><\/div><\/div>\t\t\t\t<\/div>\n\t\t\t\t<\/div>\n\t\t\t\t<\/div>\n\t\t<div class=\"elementor-element elementor-element-b5ab759 e-con-full e-flex e-con e-child\" data-id=\"b5ab759\" data-element_type=\"container\" data-e-type=\"container\" data-settings=\"{&quot;jet_parallax_layout_list&quot;:[]}\">\n\t\t\t\t<div class=\"elementor-element elementor-element-2491e09 elementor-widget__width-inherit elementor-position-top elementor-invisible elementor-widget elementor-widget-image-box\" data-id=\"2491e09\" data-element_type=\"widget\" data-e-type=\"widget\" data-settings=\"{&quot;_animation&quot;:&quot;zoomIn&quot;}\" data-widget_type=\"image-box.default\">\n\t\t\t\t<div class=\"elementor-widget-container\">\n\t\t\t\t\t<div class=\"elementor-image-box-wrapper\"><figure class=\"elementor-image-box-img\"><a href=\"https:\/\/therecursive.com\/the-romanian-influencer-marketplace-is-on-a-roll-fameup-raises-e2-5m\/#:~:text=%E2%82%AC2.5M-,The%20Romanian%20influencer%20marketplace%20is%20on%20a,FameUp%20raises%20%E2%82%AC2.5M&#038;text=FameUp%2C%20the%20start%2Dup%20with,round%20of%20%E2%82%AC2.5M\" tabindex=\"-1\" target=\"_blank\" rel=\"noopener\"><img loading=\"lazy\" decoding=\"async\" width=\"304\" height=\"238\" src=\"https:\/\/fameup.com\/wp-content\/uploads\/2022\/06\/press4.webp\" class=\"attachment-full size-full wp-image-1451\" alt=\"\" srcset=\"https:\/\/fameup.com\/wp-content\/uploads\/2022\/06\/press4.webp 304w, https:\/\/fameup.com\/wp-content\/uploads\/2022\/06\/press4-300x235.webp 300w\" sizes=\"(max-width: 304px) 100vw, 304px\" \/><\/a><\/figure><div class=\"elementor-image-box-content\"><h3 class=\"elementor-image-box-title\"><a href=\"https:\/\/therecursive.com\/the-romanian-influencer-marketplace-is-on-a-roll-fameup-raises-e2-5m\/#:~:text=%E2%82%AC2.5M-,The%20Romanian%20influencer%20marketplace%20is%20on%20a,FameUp%20raises%20%E2%82%AC2.5M&#038;text=FameUp%2C%20the%20start%2Dup%20with,round%20of%20%E2%82%AC2.5M\" target=\"_blank\" rel=\"noopener\">O mercado de influenciadores romeno est\u00e1 em alta: FameUp arrecada 2,5 milh\u00f5es de EUR<\/a><\/h3><p class=\"elementor-image-box-description\">Em uma entrevista com StartupCafe.ro, o empres\u00e1rio Ionu\u021b P\u0103tr\u0103\u0219coiu diz que o dinheiro ser\u00e1 usado para expandir a equipe e preparar o mercado para o lan\u00e7amento no mercado americano no in\u00edcio de 2022. \n\n<br>\n<a href=\"https:\/\/therecursive.com\/the-romanian-influencer-marketplace-is-on-a-roll-fameup-raises-e2-5m\/#:~:text=%E2%82%AC2.5M-,The%20Romanian%20influencer%20marketplace%20is%20on%20a,FameUp%20raises%20%E2%82%AC2.5M&amp;text=FameUp%2C%20the%20start%2Dup%20with,round%20of%20%E2%82%AC2.5M\" target=\"_blank\" style=\"color:#EF4C42;text-decoration:underline;font-style:italic\" rel=\"noopener\">Leia mais...<\/a><\/p><\/div><\/div>\t\t\t\t<\/div>\n\t\t\t\t<\/div>\n\t\t\t\t<\/div>\n\t\t<div class=\"elementor-element elementor-element-9b23cc6 e-con-full e-flex e-con e-child\" data-id=\"9b23cc6\" data-element_type=\"container\" data-e-type=\"container\" data-settings=\"{&quot;jet_parallax_layout_list&quot;:[]}\">\n\t\t\t\t<div class=\"elementor-element elementor-element-26fbf30 elementor-widget__width-inherit elementor-position-top elementor-invisible elementor-widget elementor-widget-image-box\" data-id=\"26fbf30\" data-element_type=\"widget\" data-e-type=\"widget\" data-settings=\"{&quot;_animation&quot;:&quot;zoomIn&quot;}\" data-widget_type=\"image-box.default\">\n\t\t\t\t<div class=\"elementor-widget-container\">\n\t\t\t\t\t<div class=\"elementor-image-box-wrapper\"><figure class=\"elementor-image-box-img\"><a href=\"https:\/\/stirileprotv.ro\/stiri\/ilikeit\/ilikeit-fameup-aplicatia-care-ii-plateste-pe-cei-care-au-minim-500-urmaritori-pe-instagram.html%20\" tabindex=\"-1\" target=\"_blank\" rel=\"noopener\"><img loading=\"lazy\" decoding=\"async\" width=\"304\" height=\"236\" src=\"https:\/\/fameup.com\/wp-content\/uploads\/2022\/06\/press5.webp\" class=\"attachment-full size-full wp-image-1452\" alt=\"\" srcset=\"https:\/\/fameup.com\/wp-content\/uploads\/2022\/06\/press5.webp 304w, https:\/\/fameup.com\/wp-content\/uploads\/2022\/06\/press5-300x233.webp 300w\" sizes=\"(max-width: 304px) 100vw, 304px\" \/><\/a><\/figure><div class=\"elementor-image-box-content\"><h3 class=\"elementor-image-box-title\"><a href=\"https:\/\/stirileprotv.ro\/stiri\/ilikeit\/ilikeit-fameup-aplicatia-care-ii-plateste-pe-cei-care-au-minim-500-urmaritori-pe-instagram.html%20\" target=\"_blank\" rel=\"noopener\">iLikeIT. FameUP, o aplicativo que paga aqueles que t\u00eam pelo menos 500 seguidores na Instagram<\/a><\/h3><p class=\"elementor-image-box-description\">Cada vez mais empresas romenas conseguem atrair milh\u00f5es de euros em financiamento. Um exemplo \u00e9 uma plataforma que promete dinheiro para aqueles que t\u00eam muitos seguidores nas m\u00eddias sociais. \n\n<br>\n<a href=\"https:\/\/stirileprotv.ro\/stiri\/ilikeit\/ilikeit-fameup-aplicatia-care-ii-plateste-pe-cei-care-au-minim-500-urmaritori-pe-instagram.html\" target=\"_blank\" style=\"color:#EF4C42;text-decoration:underline;font-style:italic\" rel=\"noopener\">Leia mais...<\/a><\/p><\/div><\/div>\t\t\t\t<\/div>\n\t\t\t\t<\/div>\n\t\t\t\t<\/div>\n\t\t\t\t<\/div>\n\t\t\t\t\t<\/div>\n\t\t\t\t<\/div>\n\t\t\t\t<\/div>","protected":false},"excerpt":{"rendered":"<p>Media &#038; Press Miliardarul UiPath, Daniel Dines, investe\u0219te \u00eentr-o platform\u0103 rom\u00e2neasc\u0103 de micro-influenceri Startup-ul rom\u00e2nesc FameUp (fameup.net) a str\u00e2ns o finan\u021bare de 2,5 milioane de euro pentru a-\u0219i dezvolta platforma mobil\u0103 dedicat\u0103 micro-influencerilor \u0219i pentru a se preg\u0103ti pentru scalarea global\u0103. Cite\u015fte mai mult.. De ce micro-influencerii bat influencerii cu milioane de followers \u00cen ultimii [&hellip;]<\/p>","protected":false},"author":1,"featured_media":0,"parent":0,"menu_order":0,"comment_status":"closed","ping_status":"closed","template":"","meta":{"footnotes":""},"class_list":["post-12012","page","type-page","status-publish","hentry"],"_links":{"self":[{"href":"https:\/\/fameup.com\/pt_br\/wp-json\/wp\/v2\/pages\/12012","targetHints":{"allow":["GET"]}}],"collection":[{"href":"https:\/\/fameup.com\/pt_br\/wp-json\/wp\/v2\/pages"}],"about":[{"href":"https:\/\/fameup.com\/pt_br\/wp-json\/wp\/v2\/types\/page"}],"author":[{"embeddable":true,"href":"https:\/\/fameup.com\/pt_br\/wp-json\/wp\/v2\/users\/1"}],"replies":[{"embeddable":true,"href":"https:\/\/fameup.com\/pt_br\/wp-json\/wp\/v2\/comments?post=12012"}],"version-history":[{"count":0,"href":"https:\/\/fameup.com\/pt_br\/wp-json\/wp\/v2\/pages\/12012\/revisions"}],"wp:attachment":[{"href":"https:\/\/fameup.com\/pt_br\/wp-json\/wp\/v2\/media?parent=12012"}],"curies":[{"name":"wp","href":"https:\/\/api.w.org\/{rel}","templated":true}]}}