{"id":7686,"date":"2024-01-26T15:24:24","date_gmt":"2024-01-26T15:24:24","guid":{"rendered":"https:\/\/fameup.com\/?page_id=7686"},"modified":"2024-01-26T15:56:36","modified_gmt":"2024-01-26T15:56:36","slug":"home-test","status":"publish","type":"page","link":"https:\/\/fameup.com\/es\/home-test\/","title":{"rendered":"Home Test"},"content":{"rendered":"<div data-elementor-type=\"wp-page\" data-elementor-id=\"7686\" class=\"elementor elementor-7686\" data-elementor-post-type=\"page\">\n\t\t\t\t<div class=\"elementor-element elementor-element-5f63ca1c animated-slow e-flex e-con-boxed elementor-invisible e-con e-parent\" data-id=\"5f63ca1c\" data-element_type=\"container\" data-e-type=\"container\" data-settings=\"{&quot;jet_parallax_layout_list&quot;:[],&quot;animation&quot;:&quot;fadeInUp&quot;,&quot;animation_mobile&quot;:&quot;none&quot;}\">\n\t\t\t\t\t<div class=\"e-con-inner\">\n\t\t\t\t<div class=\"elementor-element elementor-element-4198bb28 elementor-widget elementor-widget-image-carousel\" data-id=\"4198bb28\" data-element_type=\"widget\" data-e-type=\"widget\" data-settings=\"{&quot;slides_to_show&quot;:&quot;10&quot;,&quot;slides_to_scroll&quot;:&quot;1&quot;,&quot;navigation&quot;:&quot;none&quot;,&quot;slides_to_show_tablet&quot;:&quot;5&quot;,&quot;slides_to_show_mobile&quot;:&quot;4&quot;,&quot;image_spacing_custom_mobile&quot;:{&quot;unit&quot;:&quot;px&quot;,&quot;size&quot;:10,&quot;sizes&quot;:[]},&quot;autoplay&quot;:&quot;no&quot;,&quot;infinite&quot;:&quot;yes&quot;,&quot;speed&quot;:500,&quot;image_spacing_custom&quot;:{&quot;unit&quot;:&quot;px&quot;,&quot;size&quot;:20,&quot;sizes&quot;:[]},&quot;image_spacing_custom_tablet&quot;:{&quot;unit&quot;:&quot;px&quot;,&quot;size&quot;:&quot;&quot;,&quot;sizes&quot;:[]}}\" data-widget_type=\"image-carousel.default\">\n\t\t\t\t<div class=\"elementor-widget-container\">\n\t\t\t\t\t\t\t<div class=\"elementor-image-carousel-wrapper swiper\" role=\"region\" aria-roledescription=\"carousel\" aria-label=\"Carrusel de im\u00e1genes\" dir=\"ltr\">\n\t\t\t<div class=\"elementor-image-carousel swiper-wrapper\" aria-live=\"polite\">\n\t\t\t\t\t\t\t\t<div class=\"swiper-slide\" role=\"group\" aria-roledescription=\"slide\" aria-label=\"1 de 10\"><figure class=\"swiper-slide-inner\"><img decoding=\"async\" class=\"swiper-slide-image\" src=\"https:\/\/fameup.com\/wp-content\/uploads\/2023\/12\/750573fbf345be96f2f8fb110620ec43-1.png\" alt=\"750573fbf345be96f2f8fb110620ec43-1.png\" \/><\/figure><\/div><div class=\"swiper-slide\" role=\"group\" aria-roledescription=\"slide\" aria-label=\"2 de 10\"><figure class=\"swiper-slide-inner\"><img decoding=\"async\" class=\"swiper-slide-image\" src=\"https:\/\/fameup.com\/wp-content\/uploads\/2023\/12\/kaufland-1.png\" alt=\"kaufland-1.png\" \/><\/figure><\/div><div class=\"swiper-slide\" role=\"group\" aria-roledescription=\"slide\" aria-label=\"3 de 10\"><figure class=\"swiper-slide-inner\"><img decoding=\"async\" class=\"swiper-slide-image\" src=\"https:\/\/fameup.com\/wp-content\/uploads\/2023\/12\/omd-2.png\" alt=\"omd-2.png\" \/><\/figure><\/div><div class=\"swiper-slide\" role=\"group\" aria-roledescription=\"slide\" aria-label=\"4 de 10\"><figure class=\"swiper-slide-inner\"><img decoding=\"async\" class=\"swiper-slide-image\" src=\"https:\/\/fameup.com\/wp-content\/uploads\/2023\/12\/pepsi-2.png\" alt=\"pepsi-2.png\" \/><\/figure><\/div><div class=\"swiper-slide\" role=\"group\" aria-roledescription=\"slide\" aria-label=\"5 de 10\"><figure class=\"swiper-slide-inner\"><img decoding=\"async\" class=\"swiper-slide-image\" src=\"https:\/\/fameup.com\/wp-content\/uploads\/2023\/12\/wpp-1.png\" alt=\"wpp-1.png\" \/><\/figure><\/div><div class=\"swiper-slide\" role=\"group\" aria-roledescription=\"slide\" aria-label=\"6 de 10\"><figure class=\"swiper-slide-inner\"><img decoding=\"async\" class=\"swiper-slide-image\" src=\"https:\/\/fameup.com\/wp-content\/uploads\/2023\/12\/logo-1.png\" alt=\"logo-1.png\" \/><\/figure><\/div><div class=\"swiper-slide\" role=\"group\" aria-roledescription=\"slide\" aria-label=\"7 de 10\"><figure class=\"swiper-slide-inner\"><img decoding=\"async\" class=\"swiper-slide-image\" src=\"https:\/\/fameup.com\/wp-content\/uploads\/2023\/12\/mccann.jpg\" alt=\"mccann.jpg\" \/><\/figure><\/div><div class=\"swiper-slide\" role=\"group\" aria-roledescription=\"slide\" aria-label=\"8 de 10\"><figure class=\"swiper-slide-inner\"><img decoding=\"async\" class=\"swiper-slide-image\" src=\"https:\/\/fameup.com\/wp-content\/uploads\/2023\/12\/starbucks-1.png\" alt=\"starbucks-1.png\" \/><\/figure><\/div><div class=\"swiper-slide\" role=\"group\" aria-roledescription=\"slide\" aria-label=\"9 de 10\"><figure class=\"swiper-slide-inner\"><img decoding=\"async\" class=\"swiper-slide-image\" src=\"https:\/\/fameup.com\/wp-content\/uploads\/2023\/12\/avene-1.png\" alt=\"avene-1.png\" \/><\/figure><\/div><div class=\"swiper-slide\" role=\"group\" aria-roledescription=\"slide\" aria-label=\"10 de 10\"><figure class=\"swiper-slide-inner\"><img decoding=\"async\" class=\"swiper-slide-image\" src=\"https:\/\/fameup.com\/wp-content\/uploads\/2023\/12\/golin.jpg\" alt=\"golin.jpg\" \/><\/figure><\/div>\t\t\t<\/div>\n\t\t\t\t\t\t\t\n\t\t\t\t\t\t\t\t\t<\/div>\n\t\t\t\t\t\t<\/div>\n\t\t\t\t<\/div>\n\t\t\t\t\t<\/div>\n\t\t\t\t<\/div>\n\t\t<div class=\"elementor-element elementor-element-4c51e7f2 e-flex e-con-boxed elementor-invisible e-con e-parent\" data-id=\"4c51e7f2\" data-element_type=\"container\" data-e-type=\"container\" data-settings=\"{&quot;background_background&quot;:&quot;classic&quot;,&quot;jet_parallax_layout_list&quot;:[],&quot;animation&quot;:&quot;fadeIn&quot;,&quot;animation_mobile&quot;:&quot;none&quot;}\">\n\t\t\t\t\t<div class=\"e-con-inner\">\n\t\t<div class=\"elementor-element elementor-element-63db1ab1 e-con-full e-flex e-con e-child\" data-id=\"63db1ab1\" data-element_type=\"container\" data-e-type=\"container\" data-settings=\"{&quot;jet_parallax_layout_list&quot;:[]}\">\n\t\t\t\t<div class=\"elementor-element elementor-element-5f2c8f89 floating elementor-widget elementor-widget-image\" data-id=\"5f2c8f89\" data-element_type=\"widget\" data-e-type=\"widget\" data-widget_type=\"image.default\">\n\t\t\t\t<div class=\"elementor-widget-container\">\n\t\t\t\t\t\t\t\t\t\t\t\t\t\t\t<img fetchpriority=\"high\" decoding=\"async\" width=\"1033\" height=\"1359\" src=\"https:\/\/fameup.com\/wp-content\/uploads\/2023\/12\/Agencies-1.png\" class=\"attachment-full size-full wp-image-7555\" alt=\"\" srcset=\"https:\/\/fameup.com\/wp-content\/uploads\/2023\/12\/Agencies-1.png 1033w, https:\/\/fameup.com\/wp-content\/uploads\/2023\/12\/Agencies-1-228x300.png 228w, https:\/\/fameup.com\/wp-content\/uploads\/2023\/12\/Agencies-1-778x1024.png 778w, https:\/\/fameup.com\/wp-content\/uploads\/2023\/12\/Agencies-1-768x1010.png 768w, https:\/\/fameup.com\/wp-content\/uploads\/2023\/12\/Agencies-1-9x12.png 9w\" sizes=\"(max-width: 1033px) 100vw, 1033px\" \/>\t\t\t\t\t\t\t\t\t\t\t\t\t\t\t<\/div>\n\t\t\t\t<\/div>\n\t\t\t\t<\/div>\n\t\t<div class=\"elementor-element elementor-element-47967a0f e-con-full e-flex e-con e-child\" data-id=\"47967a0f\" data-element_type=\"container\" data-e-type=\"container\" data-settings=\"{&quot;jet_parallax_layout_list&quot;:[]}\">\n\t\t\t\t<div class=\"elementor-element elementor-element-3258d96a elementor-widget elementor-widget-heading\" data-id=\"3258d96a\" data-element_type=\"widget\" data-e-type=\"widget\" data-widget_type=\"heading.default\">\n\t\t\t\t<div class=\"elementor-widget-container\">\n\t\t\t\t\t<h2 class=\"elementor-heading-title elementor-size-default\">Para agencias<\/h2>\t\t\t\t<\/div>\n\t\t\t\t<\/div>\n\t\t\t\t<div class=\"elementor-element elementor-element-a6df433 elementor-widget__width-initial elementor-widget elementor-widget-heading\" data-id=\"a6df433\" data-element_type=\"widget\" data-e-type=\"widget\" data-widget_type=\"heading.default\">\n\t\t\t\t<div class=\"elementor-widget-container\">\n\t\t\t\t\t<h2 class=\"elementor-heading-title elementor-size-default\">Plataforma End-to-End, con decenas de miles de influencers. <\/h2>\t\t\t\t<\/div>\n\t\t\t\t<\/div>\n\t\t\t\t<div class=\"elementor-element elementor-element-4c61c4ee elementor-widget elementor-widget-text-editor\" data-id=\"4c61c4ee\" data-element_type=\"widget\" data-e-type=\"widget\" data-widget_type=\"text-editor.default\">\n\t\t\t\t<div class=\"elementor-widget-container\">\n\t\t\t\t\t\t\t\t\t<p>Hacemos que el marketing de influencers a gran escala sea f\u00e1cil para ti. Olv\u00eddate de las tareas diarias, di adi\u00f3s al alcance, a la monitorizaci\u00f3n de hojas de c\u00e1lculo y a los dolores de cabeza al informar.<br \/>\u00a1Te tenemos cubierto!<\/p>\t\t\t\t\t\t\t\t<\/div>\n\t\t\t\t<\/div>\n\t\t\t\t<div class=\"elementor-element elementor-element-30d21400 elementor-mobile-align-center elementor-widget elementor-widget-button\" data-id=\"30d21400\" data-element_type=\"widget\" data-e-type=\"widget\" data-widget_type=\"button.default\">\n\t\t\t\t<div class=\"elementor-widget-container\">\n\t\t\t\t\t\t\t\t\t<div class=\"elementor-button-wrapper\">\n\t\t\t\t\t<a class=\"elementor-button elementor-button-link elementor-size-md elementor-animation-grow\" href=\"https:\/\/fameup.com\/es\/request-demo\/\">\n\t\t\t\t\t\t<span class=\"elementor-button-content-wrapper\">\n\t\t\t\t\t\t<span class=\"elementor-button-icon\">\n\t\t\t\t<svg xmlns=\"http:\/\/www.w3.org\/2000\/svg\" width=\"7\" height=\"11\" viewbox=\"0 0 7 11\" fill=\"none\"><path d=\"M3.71028 5.50045L0.399361 2.26865C-0.133314 1.74983 -0.133314 0.907631 0.399361 0.38881C0.93102 -0.13001 1.79408 -0.13001 2.32573 0.38881L6.60035 4.55952C7.13201 5.07834 7.13201 5.92054 6.60035 6.43936L2.32573 10.6101C2.0594 10.87 1.71072 10.9989 1.36204 10.9989C1.01336 10.9989 0.664682 10.869 0.398345 10.6101C-0.13433 10.0913 -0.13433 9.24905 0.398345 8.73023L3.70927 5.49944L3.71028 5.50045Z\" fill=\"white\"><\/path><\/svg>\t\t\t<\/span>\n\t\t\t\t\t\t\t\t\t<span class=\"elementor-button-text\">Demo<\/span>\n\t\t\t\t\t<\/span>\n\t\t\t\t\t<\/a>\n\t\t\t\t<\/div>\n\t\t\t\t\t\t\t\t<\/div>\n\t\t\t\t<\/div>\n\t\t\t\t<\/div>\n\t\t\t\t\t<\/div>\n\t\t\t\t<\/div>\n\t\t<div class=\"elementor-element elementor-element-62c6be61 e-flex e-con-boxed elementor-invisible e-con e-parent\" data-id=\"62c6be61\" data-element_type=\"container\" data-e-type=\"container\" data-settings=\"{&quot;background_background&quot;:&quot;classic&quot;,&quot;jet_parallax_layout_list&quot;:[],&quot;animation&quot;:&quot;fadeIn&quot;}\">\n\t\t\t\t\t<div class=\"e-con-inner\">\n\t\t<div class=\"elementor-element elementor-element-38ff4ffa e-con-full e-flex e-con e-child\" data-id=\"38ff4ffa\" data-element_type=\"container\" data-e-type=\"container\" data-settings=\"{&quot;jet_parallax_layout_list&quot;:[]}\">\n\t\t\t\t<div class=\"elementor-element elementor-element-6e7c7a83 elementor-widget elementor-widget-heading\" data-id=\"6e7c7a83\" data-element_type=\"widget\" data-e-type=\"widget\" data-widget_type=\"heading.default\">\n\t\t\t\t<div class=\"elementor-widget-container\">\n\t\t\t\t\t<h2 class=\"elementor-heading-title elementor-size-default\">Para Marcas<\/h2>\t\t\t\t<\/div>\n\t\t\t\t<\/div>\n\t\t\t\t<div class=\"elementor-element elementor-element-662a531b elementor-widget__width-initial elementor-widget elementor-widget-heading\" data-id=\"662a531b\" data-element_type=\"widget\" data-e-type=\"widget\" data-widget_type=\"heading.default\">\n\t\t\t\t<div class=\"elementor-widget-container\">\n\t\t\t\t\t<h2 class=\"elementor-heading-title elementor-size-default\">M\u00e1s Ruido, M\u00e1s Ventas, Menos Problemas<\/h2>\t\t\t\t<\/div>\n\t\t\t\t<\/div>\n\t\t\t\t<div class=\"elementor-element elementor-element-3e20a52a elementor-widget elementor-widget-text-editor\" data-id=\"3e20a52a\" data-element_type=\"widget\" data-e-type=\"widget\" data-widget_type=\"text-editor.default\">\n\t\t\t\t<div class=\"elementor-widget-container\">\n\t\t\t\t\t\t\t\t\t<p>Promociona tu negocio a trav\u00e9s de influencers cualitativos y creativos. \u00a1Comienza tu campa\u00f1a en solo un par de minutos!<\/p>\t\t\t\t\t\t\t\t<\/div>\n\t\t\t\t<\/div>\n\t\t\t\t<div class=\"elementor-element elementor-element-3f5afaed elementor-mobile-align-center elementor-widget elementor-widget-button\" data-id=\"3f5afaed\" data-element_type=\"widget\" data-e-type=\"widget\" data-widget_type=\"button.default\">\n\t\t\t\t<div class=\"elementor-widget-container\">\n\t\t\t\t\t\t\t\t\t<div class=\"elementor-button-wrapper\">\n\t\t\t\t\t<a class=\"elementor-button elementor-button-link elementor-size-md elementor-animation-grow\" href=\"https:\/\/fameup.com\/es\/request-demo\/\">\n\t\t\t\t\t\t<span class=\"elementor-button-content-wrapper\">\n\t\t\t\t\t\t<span class=\"elementor-button-icon\">\n\t\t\t\t<svg xmlns=\"http:\/\/www.w3.org\/2000\/svg\" width=\"7\" height=\"11\" viewbox=\"0 0 7 11\" fill=\"none\"><path d=\"M3.71028 5.50045L0.399361 2.26865C-0.133314 1.74983 -0.133314 0.907631 0.399361 0.38881C0.93102 -0.13001 1.79408 -0.13001 2.32573 0.38881L6.60035 4.55952C7.13201 5.07834 7.13201 5.92054 6.60035 6.43936L2.32573 10.6101C2.0594 10.87 1.71072 10.9989 1.36204 10.9989C1.01336 10.9989 0.664682 10.869 0.398345 10.6101C-0.13433 10.0913 -0.13433 9.24905 0.398345 8.73023L3.70927 5.49944L3.71028 5.50045Z\" fill=\"white\"><\/path><\/svg>\t\t\t<\/span>\n\t\t\t\t\t\t\t\t\t<span class=\"elementor-button-text\">Demo<\/span>\n\t\t\t\t\t<\/span>\n\t\t\t\t\t<\/a>\n\t\t\t\t<\/div>\n\t\t\t\t\t\t\t\t<\/div>\n\t\t\t\t<\/div>\n\t\t\t\t<\/div>\n\t\t<div class=\"elementor-element elementor-element-22b9f460 e-con-full e-flex e-con e-child\" data-id=\"22b9f460\" data-element_type=\"container\" data-e-type=\"container\" data-settings=\"{&quot;jet_parallax_layout_list&quot;:[]}\">\n\t\t\t\t<div class=\"elementor-element elementor-element-1c33c78c floating elementor-widget elementor-widget-image\" data-id=\"1c33c78c\" data-element_type=\"widget\" data-e-type=\"widget\" data-widget_type=\"image.default\">\n\t\t\t\t<div class=\"elementor-widget-container\">\n\t\t\t\t\t\t\t\t\t\t\t\t\t\t\t<img decoding=\"async\" width=\"966\" height=\"1242\" src=\"https:\/\/fameup.com\/wp-content\/uploads\/2023\/12\/brands.png\" class=\"attachment-full size-full wp-image-7556\" alt=\"\" srcset=\"https:\/\/fameup.com\/wp-content\/uploads\/2023\/12\/brands.png 966w, https:\/\/fameup.com\/wp-content\/uploads\/2023\/12\/brands-233x300.png 233w, https:\/\/fameup.com\/wp-content\/uploads\/2023\/12\/brands-796x1024.png 796w, https:\/\/fameup.com\/wp-content\/uploads\/2023\/12\/brands-768x987.png 768w, https:\/\/fameup.com\/wp-content\/uploads\/2023\/12\/brands-9x12.png 9w\" sizes=\"(max-width: 966px) 100vw, 966px\" \/>\t\t\t\t\t\t\t\t\t\t\t\t\t\t\t<\/div>\n\t\t\t\t<\/div>\n\t\t\t\t<\/div>\n\t\t\t\t\t<\/div>\n\t\t\t\t<\/div>\n\t\t<div class=\"elementor-element elementor-element-a3e2b1d e-flex e-con-boxed elementor-invisible e-con e-parent\" data-id=\"a3e2b1d\" data-element_type=\"container\" data-e-type=\"container\" data-settings=\"{&quot;background_background&quot;:&quot;classic&quot;,&quot;jet_parallax_layout_list&quot;:[],&quot;animation&quot;:&quot;fadeIn&quot;}\">\n\t\t\t\t\t<div class=\"e-con-inner\">\n\t\t<div class=\"elementor-element elementor-element-1e110329 e-con-full e-flex e-con e-child\" data-id=\"1e110329\" data-element_type=\"container\" data-e-type=\"container\" data-settings=\"{&quot;jet_parallax_layout_list&quot;:[]}\">\n\t\t\t\t<div class=\"elementor-element elementor-element-39201ae9 floating elementor-widget elementor-widget-image\" data-id=\"39201ae9\" data-element_type=\"widget\" data-e-type=\"widget\" data-widget_type=\"image.default\">\n\t\t\t\t<div class=\"elementor-widget-container\">\n\t\t\t\t\t\t\t\t\t\t\t\t\t\t\t<img decoding=\"async\" width=\"863\" height=\"1142\" src=\"https:\/\/fameup.com\/wp-content\/uploads\/2023\/12\/influencers2-1.png\" class=\"attachment-full size-full wp-image-7559\" alt=\"\" srcset=\"https:\/\/fameup.com\/wp-content\/uploads\/2023\/12\/influencers2-1.png 863w, https:\/\/fameup.com\/wp-content\/uploads\/2023\/12\/influencers2-1-227x300.png 227w, https:\/\/fameup.com\/wp-content\/uploads\/2023\/12\/influencers2-1-774x1024.png 774w, https:\/\/fameup.com\/wp-content\/uploads\/2023\/12\/influencers2-1-768x1016.png 768w, https:\/\/fameup.com\/wp-content\/uploads\/2023\/12\/influencers2-1-9x12.png 9w\" sizes=\"(max-width: 863px) 100vw, 863px\" \/>\t\t\t\t\t\t\t\t\t\t\t\t\t\t\t<\/div>\n\t\t\t\t<\/div>\n\t\t\t\t<\/div>\n\t\t<div class=\"elementor-element elementor-element-3c1e78b4 e-con-full e-flex e-con e-child\" data-id=\"3c1e78b4\" data-element_type=\"container\" data-e-type=\"container\" data-settings=\"{&quot;jet_parallax_layout_list&quot;:[]}\">\n\t\t\t\t<div class=\"elementor-element elementor-element-38189139 elementor-widget elementor-widget-heading\" data-id=\"38189139\" data-element_type=\"widget\" data-e-type=\"widget\" data-widget_type=\"heading.default\">\n\t\t\t\t<div class=\"elementor-widget-container\">\n\t\t\t\t\t<h2 class=\"elementor-heading-title elementor-size-default\">Para influencers<\/h2>\t\t\t\t<\/div>\n\t\t\t\t<\/div>\n\t\t\t\t<div class=\"elementor-element elementor-element-55f28c0f elementor-widget__width-initial elementor-widget elementor-widget-heading\" data-id=\"55f28c0f\" data-element_type=\"widget\" data-e-type=\"widget\" data-widget_type=\"heading.default\">\n\t\t\t\t<div class=\"elementor-widget-container\">\n\t\t\t\t\t<h2 class=\"elementor-heading-title elementor-size-default\">Monetiza tu creatividad en redes sociales<\/h2>\t\t\t\t<\/div>\n\t\t\t\t<\/div>\n\t\t\t\t<div class=\"elementor-element elementor-element-12808cab elementor-widget elementor-widget-text-editor\" data-id=\"12808cab\" data-element_type=\"widget\" data-e-type=\"widget\" data-widget_type=\"text-editor.default\">\n\t\t\t\t<div class=\"elementor-widget-container\">\n\t\t\t\t\t\t\t\t\t<p>Te conectamos con marcas que aprecian y valoran tu creatividad aut\u00e9ntica en redes sociales.<\/p>\t\t\t\t\t\t\t\t<\/div>\n\t\t\t\t<\/div>\n\t\t<div class=\"elementor-element elementor-element-3cb5d445 e-flex e-con-boxed e-con e-child\" data-id=\"3cb5d445\" data-element_type=\"container\" data-e-type=\"container\" data-settings=\"{&quot;jet_parallax_layout_list&quot;:[]}\">\n\t\t\t\t\t<div class=\"e-con-inner\">\n\t\t\t\t<div class=\"elementor-element elementor-element-13e0e97c elementor-widget elementor-widget-image\" data-id=\"13e0e97c\" data-element_type=\"widget\" data-e-type=\"widget\" data-widget_type=\"image.default\">\n\t\t\t\t<div class=\"elementor-widget-container\">\n\t\t\t\t\t\t\t\t\t\t\t\t\t\t\t\t<a href=\"https:\/\/fameup.link\/download\" target=\"_blank\" rel=\"noopener\">\n\t\t\t\t\t\t\t<img loading=\"lazy\" decoding=\"async\" width=\"124\" height=\"35\" src=\"https:\/\/fameup.com\/wp-content\/uploads\/2023\/12\/googleplay-black.svg\" class=\"elementor-animation-grow attachment-full size-full wp-image-7543\" alt=\"\" \/>\t\t\t\t\t\t\t\t<\/a>\n\t\t\t\t\t\t\t\t\t\t\t\t\t\t\t<\/div>\n\t\t\t\t<\/div>\n\t\t\t\t<div class=\"elementor-element elementor-element-5f49de95 elementor-widget elementor-widget-image\" data-id=\"5f49de95\" data-element_type=\"widget\" data-e-type=\"widget\" data-widget_type=\"image.default\">\n\t\t\t\t<div class=\"elementor-widget-container\">\n\t\t\t\t\t\t\t\t\t\t\t\t\t\t\t\t<a href=\"https:\/\/fameup.link\/download\" target=\"_blank\" rel=\"noopener\">\n\t\t\t\t\t\t\t<img loading=\"lazy\" decoding=\"async\" width=\"124\" height=\"35\" src=\"https:\/\/fameup.com\/wp-content\/uploads\/2023\/12\/app-store-black.svg\" class=\"elementor-animation-grow attachment-large size-large wp-image-7544\" alt=\"\" \/>\t\t\t\t\t\t\t\t<\/a>\n\t\t\t\t\t\t\t\t\t\t\t\t\t\t\t<\/div>\n\t\t\t\t<\/div>\n\t\t\t\t\t<\/div>\n\t\t\t\t<\/div>\n\t\t\t\t<\/div>\n\t\t\t\t\t<\/div>\n\t\t\t\t<\/div>\n\t\t\t\t<\/div>","protected":false},"excerpt":{"rendered":"<p>For Agencies Your End-to-End Platform, With Hundreds of Influencers We make influencer marketing at scale easy for you. Forget the day-to-day tasks, say goodbye to outreach, monitoring spreadsheets, and reporting headaches.We\u2019ve got you covered! Get a Demo For Brands More Buzz, More Sales, Less Hassle Promote your business through qualitative and creative influencers. Start your [&hellip;]<\/p>","protected":false},"author":1,"featured_media":0,"parent":0,"menu_order":0,"comment_status":"closed","ping_status":"closed","template":"elementor_theme","meta":{"footnotes":""},"class_list":["post-7686","page","type-page","status-publish","hentry"],"_links":{"self":[{"href":"https:\/\/fameup.com\/es\/wp-json\/wp\/v2\/pages\/7686","targetHints":{"allow":["GET"]}}],"collection":[{"href":"https:\/\/fameup.com\/es\/wp-json\/wp\/v2\/pages"}],"about":[{"href":"https:\/\/fameup.com\/es\/wp-json\/wp\/v2\/types\/page"}],"author":[{"embeddable":true,"href":"https:\/\/fameup.com\/es\/wp-json\/wp\/v2\/users\/1"}],"replies":[{"embeddable":true,"href":"https:\/\/fameup.com\/es\/wp-json\/wp\/v2\/comments?post=7686"}],"version-history":[{"count":0,"href":"https:\/\/fameup.com\/es\/wp-json\/wp\/v2\/pages\/7686\/revisions"}],"wp:attachment":[{"href":"https:\/\/fameup.com\/es\/wp-json\/wp\/v2\/media?parent=7686"}],"curies":[{"name":"wp","href":"https:\/\/api.w.org\/{rel}","templated":true}]}}