{"id":4533,"date":"2022-07-26T19:32:24","date_gmt":"2022-07-26T19:32:24","guid":{"rendered":"https:\/\/fameup.com\/?page_id=4533"},"modified":"2022-07-29T14:36:08","modified_gmt":"2022-07-29T14:36:08","slug":"how-to-delete-your-fameup-account-and-data","status":"publish","type":"page","link":"https:\/\/fameup.com\/es\/how-to-delete-your-fameup-account-and-data\/","title":{"rendered":"\u00bfC\u00f3mo eliminar tu cuenta y tus datos de FameUp?"},"content":{"rendered":"<div data-elementor-type=\"wp-page\" data-elementor-id=\"4533\" class=\"elementor elementor-4533\" data-elementor-post-type=\"page\">\n\t\t\t\t\t\t<section class=\"elementor-section elementor-top-section elementor-element elementor-element-04e57ba elementor-section-boxed elementor-section-height-default elementor-section-height-default\" data-id=\"04e57ba\" data-element_type=\"section\" data-e-type=\"section\" data-settings=\"{&quot;jet_parallax_layout_list&quot;:[]}\">\n\t\t\t\t\t\t<div class=\"elementor-container elementor-column-gap-default\">\n\t\t\t\t\t<div class=\"elementor-column elementor-col-100 elementor-top-column elementor-element elementor-element-881c9e6\" data-id=\"881c9e6\" data-element_type=\"column\" data-e-type=\"column\">\n\t\t\t<div class=\"elementor-widget-wrap elementor-element-populated\">\n\t\t\t\t\t\t<div class=\"elementor-element elementor-element-597a424 elementor-widget elementor-widget-heading\" data-id=\"597a424\" data-element_type=\"widget\" data-e-type=\"widget\" data-widget_type=\"heading.default\">\n\t\t\t\t<div class=\"elementor-widget-container\">\n\t\t\t\t\t<h2 class=\"elementor-heading-title elementor-size-default\">\u00bfC\u00f3mo eliminar tu cuenta y tus datos de FameUp?\n<\/h2>\t\t\t\t<\/div>\n\t\t\t\t<\/div>\n\t\t\t\t<div class=\"elementor-element elementor-element-0f8be5d elementor-widget elementor-widget-heading\" data-id=\"0f8be5d\" data-element_type=\"widget\" data-e-type=\"widget\" data-widget_type=\"heading.default\">\n\t\t\t\t<div class=\"elementor-widget-container\">\n\t\t\t\t\t<h4 class=\"elementor-heading-title elementor-size-default\">Para eliminar permanentemente tu cuenta y datos de FameUp, sigue los siguientes pasos:\n<\/h4>\t\t\t\t<\/div>\n\t\t\t\t<\/div>\n\t\t\t\t<div class=\"elementor-element elementor-element-b3ac10a elementor-widget elementor-widget-heading\" data-id=\"b3ac10a\" data-element_type=\"widget\" data-e-type=\"widget\" data-widget_type=\"heading.default\">\n\t\t\t\t<div class=\"elementor-widget-container\">\n\t\t\t\t\t<p class=\"elementor-heading-title elementor-size-default\">1. Abre la aplicaci\u00f3n FameUp, ve a Perfil y accede a la secci\u00f3n Configuraci\u00f3n.\n\n<\/p>\t\t\t\t<\/div>\n\t\t\t\t<\/div>\n\t\t\t\t<div class=\"elementor-element elementor-element-46a3158 elementor-widget elementor-widget-image\" data-id=\"46a3158\" data-element_type=\"widget\" data-e-type=\"widget\" data-widget_type=\"image.default\">\n\t\t\t\t<div class=\"elementor-widget-container\">\n\t\t\t\t\t\t\t\t\t\t\t\t\t\t\t<img decoding=\"async\" width=\"139\" height=\"300\" src=\"https:\/\/fameup.com\/wp-content\/uploads\/2022\/07\/Delete-account-1-139x300-1.png\" class=\"attachment-large size-large wp-image-4536\" alt=\"\" srcset=\"https:\/\/fameup.com\/wp-content\/uploads\/2022\/07\/Delete-account-1-139x300-1.png 139w, https:\/\/fameup.com\/wp-content\/uploads\/2022\/07\/Delete-account-1-139x300-1-6x12.png 6w\" sizes=\"(max-width: 139px) 100vw, 139px\" \/>\t\t\t\t\t\t\t\t\t\t\t\t\t\t\t<\/div>\n\t\t\t\t<\/div>\n\t\t\t\t<div class=\"elementor-element elementor-element-bf321f6 elementor-widget elementor-widget-heading\" data-id=\"bf321f6\" data-element_type=\"widget\" data-e-type=\"widget\" data-widget_type=\"heading.default\">\n\t\t\t\t<div class=\"elementor-widget-container\">\n\t\t\t\t\t<p class=\"elementor-heading-title elementor-size-default\">2. Ve a la p\u00e1gina Eliminar cuenta.\n\n<\/p>\t\t\t\t<\/div>\n\t\t\t\t<\/div>\n\t\t\t\t<div class=\"elementor-element elementor-element-d15dc84 elementor-widget elementor-widget-image\" data-id=\"d15dc84\" data-element_type=\"widget\" data-e-type=\"widget\" data-widget_type=\"image.default\">\n\t\t\t\t<div class=\"elementor-widget-container\">\n\t\t\t\t\t\t\t\t\t\t\t\t\t\t\t<img decoding=\"async\" width=\"139\" height=\"300\" src=\"https:\/\/fameup.com\/wp-content\/uploads\/2022\/07\/Delete-account-2-139x300-1.png\" class=\"attachment-large size-large wp-image-4537\" alt=\"\" srcset=\"https:\/\/fameup.com\/wp-content\/uploads\/2022\/07\/Delete-account-2-139x300-1.png 139w, https:\/\/fameup.com\/wp-content\/uploads\/2022\/07\/Delete-account-2-139x300-1-6x12.png 6w\" sizes=\"(max-width: 139px) 100vw, 139px\" \/>\t\t\t\t\t\t\t\t\t\t\t\t\t\t\t<\/div>\n\t\t\t\t<\/div>\n\t\t\t\t<div class=\"elementor-element elementor-element-859a0a1 elementor-widget elementor-widget-heading\" data-id=\"859a0a1\" data-element_type=\"widget\" data-e-type=\"widget\" data-widget_type=\"heading.default\">\n\t\t\t\t<div class=\"elementor-widget-container\">\n\t\t\t\t\t<p class=\"elementor-heading-title elementor-size-default\">3. Una vez en esa p\u00e1gina, responde por qu\u00e9 deseas eliminar tu cuenta.\n\n<\/p>\t\t\t\t<\/div>\n\t\t\t\t<\/div>\n\t\t\t\t<div class=\"elementor-element elementor-element-f274371 elementor-widget elementor-widget-image\" data-id=\"f274371\" data-element_type=\"widget\" data-e-type=\"widget\" data-widget_type=\"image.default\">\n\t\t\t\t<div class=\"elementor-widget-container\">\n\t\t\t\t\t\t\t\t\t\t\t\t\t\t\t<img decoding=\"async\" width=\"138\" height=\"300\" src=\"https:\/\/fameup.com\/wp-content\/uploads\/2022\/07\/Delete-account-3-138x300-1.png\" class=\"attachment-large size-large wp-image-4538\" alt=\"\" srcset=\"https:\/\/fameup.com\/wp-content\/uploads\/2022\/07\/Delete-account-3-138x300-1.png 138w, https:\/\/fameup.com\/wp-content\/uploads\/2022\/07\/Delete-account-3-138x300-1-6x12.png 6w\" sizes=\"(max-width: 138px) 100vw, 138px\" \/>\t\t\t\t\t\t\t\t\t\t\t\t\t\t\t<\/div>\n\t\t\t\t<\/div>\n\t\t\t\t<div class=\"elementor-element elementor-element-512037a elementor-widget elementor-widget-heading\" data-id=\"512037a\" data-element_type=\"widget\" data-e-type=\"widget\" data-widget_type=\"heading.default\">\n\t\t\t\t<div class=\"elementor-widget-container\">\n\t\t\t\t\t<p class=\"elementor-heading-title elementor-size-default\">4. Submit your answer and tab the Submit &amp; Delete Account button.\n\n<\/p>\t\t\t\t<\/div>\n\t\t\t\t<\/div>\n\t\t\t\t<div class=\"elementor-element elementor-element-7f8907a elementor-widget elementor-widget-image\" data-id=\"7f8907a\" data-element_type=\"widget\" data-e-type=\"widget\" data-widget_type=\"image.default\">\n\t\t\t\t<div class=\"elementor-widget-container\">\n\t\t\t\t\t\t\t\t\t\t\t\t\t\t\t<img loading=\"lazy\" decoding=\"async\" width=\"139\" height=\"300\" src=\"https:\/\/fameup.com\/wp-content\/uploads\/2022\/07\/Delete-account-4-139x300-1.png\" class=\"attachment-large size-large wp-image-4539\" alt=\"\" srcset=\"https:\/\/fameup.com\/wp-content\/uploads\/2022\/07\/Delete-account-4-139x300-1.png 139w, https:\/\/fameup.com\/wp-content\/uploads\/2022\/07\/Delete-account-4-139x300-1-6x12.png 6w\" sizes=\"(max-width: 139px) 100vw, 139px\" \/>\t\t\t\t\t\t\t\t\t\t\t\t\t\t\t<\/div>\n\t\t\t\t<\/div>\n\t\t\t\t<div class=\"elementor-element elementor-element-bbc1a82 elementor-widget elementor-widget-heading\" data-id=\"bbc1a82\" data-element_type=\"widget\" data-e-type=\"widget\" data-widget_type=\"heading.default\">\n\t\t\t\t<div class=\"elementor-widget-container\">\n\t\t\t\t\t<p class=\"elementor-heading-title elementor-size-default\">5. Confirma la eliminaci\u00f3n permanente de tu cuenta y datos en FameUp.\n\n<\/p>\t\t\t\t<\/div>\n\t\t\t\t<\/div>\n\t\t\t\t<div class=\"elementor-element elementor-element-ac3423e elementor-widget elementor-widget-image\" data-id=\"ac3423e\" data-element_type=\"widget\" data-e-type=\"widget\" data-widget_type=\"image.default\">\n\t\t\t\t<div class=\"elementor-widget-container\">\n\t\t\t\t\t\t\t\t\t\t\t\t\t\t\t<img loading=\"lazy\" decoding=\"async\" width=\"139\" height=\"300\" src=\"https:\/\/fameup.com\/wp-content\/uploads\/2022\/07\/Delete-account-5-139x300-1.png\" class=\"attachment-large size-large wp-image-4540\" alt=\"\" srcset=\"https:\/\/fameup.com\/wp-content\/uploads\/2022\/07\/Delete-account-5-139x300-1.png 139w, https:\/\/fameup.com\/wp-content\/uploads\/2022\/07\/Delete-account-5-139x300-1-6x12.png 6w\" sizes=\"(max-width: 139px) 100vw, 139px\" \/>\t\t\t\t\t\t\t\t\t\t\t\t\t\t\t<\/div>\n\t\t\t\t<\/div>\n\t\t\t\t\t<\/div>\n\t\t<\/div>\n\t\t\t\t\t<\/div>\n\t\t<\/section>\n\t\t\t\t<\/div>","protected":false},"excerpt":{"rendered":"<p>How to delete your FameUp account and data? In order to permanently delete your FameUp account and data, please follow the next steps: 1. Open the FameUp app, go to Profile and access the Settings section. 2. Go to the Delete Account page 3. Once on that page, give an answer on why you want [&hellip;]<\/p>","protected":false},"author":1,"featured_media":0,"parent":0,"menu_order":0,"comment_status":"closed","ping_status":"closed","template":"","meta":{"footnotes":""},"class_list":["post-4533","page","type-page","status-publish","hentry"],"_links":{"self":[{"href":"https:\/\/fameup.com\/es\/wp-json\/wp\/v2\/pages\/4533","targetHints":{"allow":["GET"]}}],"collection":[{"href":"https:\/\/fameup.com\/es\/wp-json\/wp\/v2\/pages"}],"about":[{"href":"https:\/\/fameup.com\/es\/wp-json\/wp\/v2\/types\/page"}],"author":[{"embeddable":true,"href":"https:\/\/fameup.com\/es\/wp-json\/wp\/v2\/users\/1"}],"replies":[{"embeddable":true,"href":"https:\/\/fameup.com\/es\/wp-json\/wp\/v2\/comments?post=4533"}],"version-history":[{"count":0,"href":"https:\/\/fameup.com\/es\/wp-json\/wp\/v2\/pages\/4533\/revisions"}],"wp:attachment":[{"href":"https:\/\/fameup.com\/es\/wp-json\/wp\/v2\/media?parent=4533"}],"curies":[{"name":"wp","href":"https:\/\/api.w.org\/{rel}","templated":true}]}}