{"id":11584,"date":"2024-08-01T11:24:29","date_gmt":"2024-08-01T08:24:29","guid":{"rendered":"https:\/\/fameup.com\/?page_id=11584"},"modified":"2024-08-07T09:45:44","modified_gmt":"2024-08-07T06:45:44","slug":"multumim-inscrie-te-referral","status":"publish","type":"page","link":"https:\/\/fameup.com\/en\/multumim-inscrie-te-referral\/","title":{"rendered":"Multumim &#8211; inscrie-te referral"},"content":{"rendered":"\t\t<div data-elementor-type=\"wp-page\" data-elementor-id=\"11584\" class=\"elementor elementor-11584\" data-elementor-post-type=\"page\">\n\t\t\t\t<div class=\"elementor-element elementor-element-7143199 e-flex e-con-boxed e-con e-parent\" data-id=\"7143199\" data-element_type=\"container\" data-e-type=\"container\" data-settings=\"{&quot;jet_parallax_layout_list&quot;:[]}\">\n\t\t\t\t\t<div class=\"e-con-inner\">\n\t\t\t\t<div class=\"elementor-element elementor-element-cc7d385 animated-slow elementor-invisible elementor-widget elementor-widget-heading\" data-id=\"cc7d385\" data-element_type=\"widget\" data-e-type=\"widget\" data-settings=\"{&quot;_animation&quot;:&quot;fadeIn&quot;}\" data-widget_type=\"heading.default\">\n\t\t\t\t<div class=\"elementor-widget-container\">\n\t\t\t\t\t<h2 class=\"elementor-heading-title elementor-size-default\">Finalizeaz\u0103 \u00eenscrierea \u00een agen\u021bia noastr\u0103 de TikTok LIVE! Vei fi redirec\u021bionat automat \u00een c\u00e2teva secunde.<\/h2>\t\t\t\t<\/div>\n\t\t\t\t<\/div>\n\t\t\t\t<div class=\"elementor-element elementor-element-a2d6399 elementor-widget elementor-widget-html\" data-id=\"a2d6399\" data-element_type=\"widget\" data-e-type=\"widget\" data-widget_type=\"html.default\">\n\t\t\t\t<div class=\"elementor-widget-container\">\n\t\t\t\t\t<script>\r\n    \r\ndocument.addEventListener('DOMContentLoaded', function () {\r\n    \/\/ Redirect after 5 seconds (5000 milliseconds)\r\n    setTimeout(function () {\r\n        window.location.href = 'https:\/\/vm.tiktok.com\/ZMraWLAq7\/';\r\n    }, 5000);\r\n});\r\n    \r\n<\/script>\r\n\t\t\t\t<\/div>\n\t\t\t\t<\/div>\n\t\t\t\t\t<\/div>\n\t\t\t\t<\/div>\n\t\t\t\t<\/div>\n\t\t","protected":false},"excerpt":{"rendered":"<p>Finalizeaz\u0103 \u00eenscrierea \u00een agen\u021bia noastr\u0103 de TikTok LIVE! Vei fi redirec\u021bionat automat \u00een c\u00e2teva secunde.<\/p>\n","protected":false},"author":1,"featured_media":0,"parent":0,"menu_order":0,"comment_status":"closed","ping_status":"closed","template":"elementor_header_footer","meta":{"footnotes":""},"class_list":["post-11584","page","type-page","status-publish","hentry"],"_links":{"self":[{"href":"https:\/\/fameup.com\/en\/wp-json\/wp\/v2\/pages\/11584","targetHints":{"allow":["GET"]}}],"collection":[{"href":"https:\/\/fameup.com\/en\/wp-json\/wp\/v2\/pages"}],"about":[{"href":"https:\/\/fameup.com\/en\/wp-json\/wp\/v2\/types\/page"}],"author":[{"embeddable":true,"href":"https:\/\/fameup.com\/en\/wp-json\/wp\/v2\/users\/1"}],"replies":[{"embeddable":true,"href":"https:\/\/fameup.com\/en\/wp-json\/wp\/v2\/comments?post=11584"}],"version-history":[{"count":55,"href":"https:\/\/fameup.com\/en\/wp-json\/wp\/v2\/pages\/11584\/revisions"}],"predecessor-version":[{"id":11719,"href":"https:\/\/fameup.com\/en\/wp-json\/wp\/v2\/pages\/11584\/revisions\/11719"}],"wp:attachment":[{"href":"https:\/\/fameup.com\/en\/wp-json\/wp\/v2\/media?parent=11584"}],"curies":[{"name":"wp","href":"https:\/\/api.w.org\/{rel}","templated":true}]}}